{"id":8869,"date":"2025-03-03T19:30:55","date_gmt":"2025-03-03T19:30:55","guid":{"rendered":"https:\/\/globalfundforchildren.org\/?page_id=8869"},"modified":"2025-03-17T08:51:44","modified_gmt":"2025-03-17T08:51:44","slug":"fundacion-ninas-de-luz","status":"publish","type":"page","link":"https:\/\/globalfundforchildren.org\/pt\/fundacion-ninas-de-luz\/","title":{"rendered":"Funda\u00e7\u00e3o Ni\u00f1as de Luz"},"content":{"rendered":"","protected":false},"excerpt":{"rendered":"","protected":false},"author":10,"featured_media":8876,"parent":0,"menu_order":0,"comment_status":"closed","ping_status":"closed","template":"","meta":{"_acf_changed":false},"class_list":["post-8869","page","type-page","status-publish","hentry"],"acf":[],"yoast_head":"<!-- This site is optimized with the Yoast SEO plugin v26.9 - https:\/\/yoast.com\/product\/yoast-seo-wordpress\/ -->\n<title>Fundaci\u00f3n Ni\u00f1as de Luz - Global Fund for Children<\/title>\n<meta name=\"robots\" content=\"index, follow, max-snippet:-1, max-image-preview:large, max-video-preview:-1\" \/>\n<link rel=\"canonical\" href=\"https:\/\/globalfundforchildren.org\/pt\/fundacion-ninas-de-luz\/\" \/>\n<meta property=\"og:locale\" content=\"pt_PT\" \/>\n<meta property=\"og:type\" content=\"article\" \/>\n<meta property=\"og:title\" content=\"Fundaci\u00f3n Ni\u00f1as de Luz - Global Fund for Children\" \/>\n<meta property=\"og:url\" content=\"https:\/\/globalfundforchildren.org\/pt\/fundacion-ninas-de-luz\/\" \/>\n<meta property=\"og:site_name\" content=\"Global Fund for Children\" \/>\n<meta property=\"article:publisher\" content=\"https:\/\/www.facebook.com\/GlobalFundforChildren\" \/>\n<meta property=\"article:modified_time\" content=\"2025-03-17T08:51:44+00:00\" \/>\n<meta property=\"og:image\" content=\"https:\/\/globalfundforchildren.org\/wp-content\/uploads\/2025\/03\/WhatsApp-Image-2025-02-26-at-17.03.18_0c0573ae.jpg\" \/>\n\t<meta property=\"og:image:width\" content=\"1600\" \/>\n\t<meta property=\"og:image:height\" content=\"1066\" \/>\n\t<meta property=\"og:image:type\" content=\"image\/jpeg\" \/>\n<meta name=\"twitter:card\" content=\"summary_large_image\" \/>\n<meta name=\"twitter:site\" content=\"@Global4Children\" \/>\n<script type=\"application\/ld+json\" class=\"yoast-schema-graph\">{\"@context\":\"https:\/\/schema.org\",\"@graph\":[{\"@type\":\"WebPage\",\"@id\":\"https:\/\/globalfundforchildren.org\/fundacion-ninas-de-luz\/\",\"url\":\"https:\/\/globalfundforchildren.org\/fundacion-ninas-de-luz\/\",\"name\":\"Fundaci\u00f3n Ni\u00f1as de Luz - Global Fund for Children\",\"isPartOf\":{\"@id\":\"https:\/\/globalfundforchildren.org\/#website\"},\"primaryImageOfPage\":{\"@id\":\"https:\/\/globalfundforchildren.org\/fundacion-ninas-de-luz\/#primaryimage\"},\"image\":{\"@id\":\"https:\/\/globalfundforchildren.org\/fundacion-ninas-de-luz\/#primaryimage\"},\"thumbnailUrl\":\"https:\/\/globalfundforchildren.org\/wp-content\/uploads\/2025\/03\/WhatsApp-Image-2025-02-26-at-17.03.18_0c0573ae.jpg\",\"datePublished\":\"2025-03-03T19:30:55+00:00\",\"dateModified\":\"2025-03-17T08:51:44+00:00\",\"breadcrumb\":{\"@id\":\"https:\/\/globalfundforchildren.org\/fundacion-ninas-de-luz\/#breadcrumb\"},\"inLanguage\":\"pt-PT\",\"potentialAction\":[{\"@type\":\"ReadAction\",\"target\":[\"https:\/\/globalfundforchildren.org\/fundacion-ninas-de-luz\/\"]}]},{\"@type\":\"ImageObject\",\"inLanguage\":\"pt-PT\",\"@id\":\"https:\/\/globalfundforchildren.org\/fundacion-ninas-de-luz\/#primaryimage\",\"url\":\"https:\/\/globalfundforchildren.org\/wp-content\/uploads\/2025\/03\/WhatsApp-Image-2025-02-26-at-17.03.18_0c0573ae.jpg\",\"contentUrl\":\"https:\/\/globalfundforchildren.org\/wp-content\/uploads\/2025\/03\/WhatsApp-Image-2025-02-26-at-17.03.18_0c0573ae.jpg\",\"width\":1600,\"height\":1066},{\"@type\":\"BreadcrumbList\",\"@id\":\"https:\/\/globalfundforchildren.org\/fundacion-ninas-de-luz\/#breadcrumb\",\"itemListElement\":[{\"@type\":\"ListItem\",\"position\":1,\"name\":\"Home\",\"item\":\"https:\/\/globalfundforchildren.org\/\"},{\"@type\":\"ListItem\",\"position\":2,\"name\":\"Fundaci\u00f3n Ni\u00f1as de Luz\"}]},{\"@type\":\"WebSite\",\"@id\":\"https:\/\/globalfundforchildren.org\/#website\",\"url\":\"https:\/\/globalfundforchildren.org\/\",\"name\":\"Global Fund for Children\",\"description\":\"\",\"publisher\":{\"@id\":\"https:\/\/globalfundforchildren.org\/#organization\"},\"potentialAction\":[{\"@type\":\"SearchAction\",\"target\":{\"@type\":\"EntryPoint\",\"urlTemplate\":\"https:\/\/globalfundforchildren.org\/?s={search_term_string}\"},\"query-input\":{\"@type\":\"PropertyValueSpecification\",\"valueRequired\":true,\"valueName\":\"search_term_string\"}}],\"inLanguage\":\"pt-PT\"},{\"@type\":\"Organization\",\"@id\":\"https:\/\/globalfundforchildren.org\/#organization\",\"name\":\"Global Fund for Children\",\"url\":\"https:\/\/globalfundforchildren.org\/\",\"logo\":{\"@type\":\"ImageObject\",\"inLanguage\":\"pt-PT\",\"@id\":\"https:\/\/globalfundforchildren.org\/#\/schema\/logo\/image\/\",\"url\":\"https:\/\/globalfundforchildren.org\/wp-content\/uploads\/2024\/10\/gfc-logo.png\",\"contentUrl\":\"https:\/\/globalfundforchildren.org\/wp-content\/uploads\/2024\/10\/gfc-logo.png\",\"width\":696,\"height\":696,\"caption\":\"Global Fund for Children\"},\"image\":{\"@id\":\"https:\/\/globalfundforchildren.org\/#\/schema\/logo\/image\/\"},\"sameAs\":[\"https:\/\/www.facebook.com\/GlobalFundforChildren\",\"https:\/\/x.com\/Global4Children\"]}]}<\/script>\n<!-- \/ Yoast SEO plugin. -->","yoast_head_json":{"title":"Funda\u00e7\u00e3o Ni\u00f1as de Luz - Fundo Global para Crian\u00e7as","robots":{"index":"index","follow":"follow","max-snippet":"max-snippet:-1","max-image-preview":"max-image-preview:large","max-video-preview":"max-video-preview:-1"},"canonical":"https:\/\/globalfundforchildren.org\/pt\/fundacion-ninas-de-luz\/","og_locale":"pt_PT","og_type":"article","og_title":"Fundaci\u00f3n Ni\u00f1as de Luz - Global Fund for Children","og_url":"https:\/\/globalfundforchildren.org\/pt\/fundacion-ninas-de-luz\/","og_site_name":"Global Fund for Children","article_publisher":"https:\/\/www.facebook.com\/GlobalFundforChildren","article_modified_time":"2025-03-17T08:51:44+00:00","og_image":[{"width":1600,"height":1066,"url":"https:\/\/globalfundforchildren.org\/wp-content\/uploads\/2025\/03\/WhatsApp-Image-2025-02-26-at-17.03.18_0c0573ae.jpg","type":"image\/jpeg"}],"twitter_card":"summary_large_image","twitter_site":"@Global4Children","schema":{"@context":"https:\/\/schema.org","@graph":[{"@type":"WebPage","@id":"https:\/\/globalfundforchildren.org\/fundacion-ninas-de-luz\/","url":"https:\/\/globalfundforchildren.org\/fundacion-ninas-de-luz\/","name":"Funda\u00e7\u00e3o Ni\u00f1as de Luz - Fundo Global para Crian\u00e7as","isPartOf":{"@id":"https:\/\/globalfundforchildren.org\/#website"},"primaryImageOfPage":{"@id":"https:\/\/globalfundforchildren.org\/fundacion-ninas-de-luz\/#primaryimage"},"image":{"@id":"https:\/\/globalfundforchildren.org\/fundacion-ninas-de-luz\/#primaryimage"},"thumbnailUrl":"https:\/\/globalfundforchildren.org\/wp-content\/uploads\/2025\/03\/WhatsApp-Image-2025-02-26-at-17.03.18_0c0573ae.jpg","datePublished":"2025-03-03T19:30:55+00:00","dateModified":"2025-03-17T08:51:44+00:00","breadcrumb":{"@id":"https:\/\/globalfundforchildren.org\/fundacion-ninas-de-luz\/#breadcrumb"},"inLanguage":"pt-PT","potentialAction":[{"@type":"ReadAction","target":["https:\/\/globalfundforchildren.org\/fundacion-ninas-de-luz\/"]}]},{"@type":"ImageObject","inLanguage":"pt-PT","@id":"https:\/\/globalfundforchildren.org\/fundacion-ninas-de-luz\/#primaryimage","url":"https:\/\/globalfundforchildren.org\/wp-content\/uploads\/2025\/03\/WhatsApp-Image-2025-02-26-at-17.03.18_0c0573ae.jpg","contentUrl":"https:\/\/globalfundforchildren.org\/wp-content\/uploads\/2025\/03\/WhatsApp-Image-2025-02-26-at-17.03.18_0c0573ae.jpg","width":1600,"height":1066},{"@type":"BreadcrumbList","@id":"https:\/\/globalfundforchildren.org\/fundacion-ninas-de-luz\/#breadcrumb","itemListElement":[{"@type":"ListItem","position":1,"name":"Home","item":"https:\/\/globalfundforchildren.org\/"},{"@type":"ListItem","position":2,"name":"Fundaci\u00f3n Ni\u00f1as de Luz"}]},{"@type":"WebSite","@id":"https:\/\/globalfundforchildren.org\/#website","url":"https:\/\/globalfundforchildren.org\/","name":"Fundo Global para Crian\u00e7as","description":"","publisher":{"@id":"https:\/\/globalfundforchildren.org\/#organization"},"potentialAction":[{"@type":"SearchAction","target":{"@type":"EntryPoint","urlTemplate":"https:\/\/globalfundforchildren.org\/?s={search_term_string}"},"query-input":{"@type":"PropertyValueSpecification","valueRequired":true,"valueName":"search_term_string"}}],"inLanguage":"pt-PT"},{"@type":"Organization","@id":"https:\/\/globalfundforchildren.org\/#organization","name":"Fundo Global para Crian\u00e7as","url":"https:\/\/globalfundforchildren.org\/","logo":{"@type":"ImageObject","inLanguage":"pt-PT","@id":"https:\/\/globalfundforchildren.org\/#\/schema\/logo\/image\/","url":"https:\/\/globalfundforchildren.org\/wp-content\/uploads\/2024\/10\/gfc-logo.png","contentUrl":"https:\/\/globalfundforchildren.org\/wp-content\/uploads\/2024\/10\/gfc-logo.png","width":696,"height":696,"caption":"Global Fund for Children"},"image":{"@id":"https:\/\/globalfundforchildren.org\/#\/schema\/logo\/image\/"},"sameAs":["https:\/\/www.facebook.com\/GlobalFundforChildren","https:\/\/x.com\/Global4Children"]}]}},"_links":{"self":[{"href":"https:\/\/globalfundforchildren.org\/pt\/wp-json\/wp\/v2\/pages\/8869","targetHints":{"allow":["GET"]}}],"collection":[{"href":"https:\/\/globalfundforchildren.org\/pt\/wp-json\/wp\/v2\/pages"}],"about":[{"href":"https:\/\/globalfundforchildren.org\/pt\/wp-json\/wp\/v2\/types\/page"}],"author":[{"embeddable":true,"href":"https:\/\/globalfundforchildren.org\/pt\/wp-json\/wp\/v2\/users\/10"}],"replies":[{"embeddable":true,"href":"https:\/\/globalfundforchildren.org\/pt\/wp-json\/wp\/v2\/comments?post=8869"}],"version-history":[{"count":0,"href":"https:\/\/globalfundforchildren.org\/pt\/wp-json\/wp\/v2\/pages\/8869\/revisions"}],"wp:featuredmedia":[{"embeddable":true,"href":"https:\/\/globalfundforchildren.org\/pt\/wp-json\/wp\/v2\/media\/8876"}],"wp:attachment":[{"href":"https:\/\/globalfundforchildren.org\/pt\/wp-json\/wp\/v2\/media?parent=8869"}],"curies":[{"name":"wp","href":"https:\/\/api.w.org\/{rel}","templated":true}]}}