{"id":59,"date":"2024-09-06T00:04:09","date_gmt":"2024-09-06T00:04:09","guid":{"rendered":"https:\/\/globalfundforchildren.org\/?page_id=59"},"modified":"2025-05-07T09:13:02","modified_gmt":"2025-05-07T09:13:02","slug":"contact","status":"publish","type":"page","link":"https:\/\/globalfundforchildren.org\/pt\/contact\/","title":{"rendered":"Contato"},"content":{"rendered":"","protected":false},"excerpt":{"rendered":"","protected":false},"author":2,"featured_media":730,"parent":0,"menu_order":0,"comment_status":"closed","ping_status":"closed","template":"","meta":{"_acf_changed":false},"class_list":["post-59","page","type-page","status-publish","hentry"],"acf":[],"yoast_head":"<!-- This site is optimized with the Yoast SEO plugin v26.9 - https:\/\/yoast.com\/product\/yoast-seo-wordpress\/ -->\n<title>Contact - Global Fund for Children<\/title>\n<meta name=\"description\" content=\"We would love to hear from you. Please email us or call us with your questions and comments.\" \/>\n<meta name=\"robots\" content=\"index, follow, max-snippet:-1, max-image-preview:large, max-video-preview:-1\" \/>\n<link rel=\"canonical\" href=\"https:\/\/globalfundforchildren.org\/pt\/contact\/\" \/>\n<meta property=\"og:locale\" content=\"pt_PT\" \/>\n<meta property=\"og:type\" content=\"article\" \/>\n<meta property=\"og:title\" content=\"Contact us\" \/>\n<meta property=\"og:description\" content=\"We would love to hear from you. Please email us or call us with your questions and comments.\" \/>\n<meta property=\"og:url\" content=\"https:\/\/globalfundforchildren.org\/pt\/contact\/\" \/>\n<meta property=\"og:site_name\" content=\"Global Fund for Children\" \/>\n<meta property=\"article:publisher\" content=\"https:\/\/www.facebook.com\/GlobalFundforChildren\" \/>\n<meta property=\"article:modified_time\" content=\"2025-05-07T09:13:02+00:00\" \/>\n<meta property=\"og:image\" content=\"https:\/\/globalfundforchildren.org\/wp-content\/uploads\/2023\/11\/P4P-featured-image.png\" \/>\n\t<meta property=\"og:image:width\" content=\"600\" \/>\n\t<meta property=\"og:image:height\" content=\"600\" \/>\n\t<meta property=\"og:image:type\" content=\"image\/png\" \/>\n<meta name=\"twitter:card\" content=\"summary_large_image\" \/>\n<meta name=\"twitter:site\" content=\"@Global4Children\" \/>\n<script type=\"application\/ld+json\" class=\"yoast-schema-graph\">{\"@context\":\"https:\/\/schema.org\",\"@graph\":[{\"@type\":\"WebPage\",\"@id\":\"https:\/\/globalfundforchildren.org\/contact\/\",\"url\":\"https:\/\/globalfundforchildren.org\/contact\/\",\"name\":\"Contact - Global Fund for Children\",\"isPartOf\":{\"@id\":\"https:\/\/globalfundforchildren.org\/#website\"},\"primaryImageOfPage\":{\"@id\":\"https:\/\/globalfundforchildren.org\/contact\/#primaryimage\"},\"image\":{\"@id\":\"https:\/\/globalfundforchildren.org\/contact\/#primaryimage\"},\"thumbnailUrl\":\"https:\/\/globalfundforchildren.org\/wp-content\/uploads\/2023\/11\/P4P-featured-image.png\",\"datePublished\":\"2024-09-06T00:04:09+00:00\",\"dateModified\":\"2025-05-07T09:13:02+00:00\",\"description\":\"We would love to hear from you. Please email us or call us with your questions and comments.\",\"breadcrumb\":{\"@id\":\"https:\/\/globalfundforchildren.org\/contact\/#breadcrumb\"},\"inLanguage\":\"pt-PT\",\"potentialAction\":[{\"@type\":\"ReadAction\",\"target\":[\"https:\/\/globalfundforchildren.org\/contact\/\"]}]},{\"@type\":\"ImageObject\",\"inLanguage\":\"pt-PT\",\"@id\":\"https:\/\/globalfundforchildren.org\/contact\/#primaryimage\",\"url\":\"https:\/\/globalfundforchildren.org\/wp-content\/uploads\/2023\/11\/P4P-featured-image.png\",\"contentUrl\":\"https:\/\/globalfundforchildren.org\/wp-content\/uploads\/2023\/11\/P4P-featured-image.png\",\"width\":600,\"height\":600},{\"@type\":\"BreadcrumbList\",\"@id\":\"https:\/\/globalfundforchildren.org\/contact\/#breadcrumb\",\"itemListElement\":[{\"@type\":\"ListItem\",\"position\":1,\"name\":\"Home\",\"item\":\"https:\/\/globalfundforchildren.org\/\"},{\"@type\":\"ListItem\",\"position\":2,\"name\":\"Contact\"}]},{\"@type\":\"WebSite\",\"@id\":\"https:\/\/globalfundforchildren.org\/#website\",\"url\":\"https:\/\/globalfundforchildren.org\/\",\"name\":\"Global Fund for Children\",\"description\":\"\",\"publisher\":{\"@id\":\"https:\/\/globalfundforchildren.org\/#organization\"},\"potentialAction\":[{\"@type\":\"SearchAction\",\"target\":{\"@type\":\"EntryPoint\",\"urlTemplate\":\"https:\/\/globalfundforchildren.org\/?s={search_term_string}\"},\"query-input\":{\"@type\":\"PropertyValueSpecification\",\"valueRequired\":true,\"valueName\":\"search_term_string\"}}],\"inLanguage\":\"pt-PT\"},{\"@type\":\"Organization\",\"@id\":\"https:\/\/globalfundforchildren.org\/#organization\",\"name\":\"Global Fund for Children\",\"url\":\"https:\/\/globalfundforchildren.org\/\",\"logo\":{\"@type\":\"ImageObject\",\"inLanguage\":\"pt-PT\",\"@id\":\"https:\/\/globalfundforchildren.org\/#\/schema\/logo\/image\/\",\"url\":\"https:\/\/globalfundforchildren.org\/wp-content\/uploads\/2024\/10\/gfc-logo.png\",\"contentUrl\":\"https:\/\/globalfundforchildren.org\/wp-content\/uploads\/2024\/10\/gfc-logo.png\",\"width\":696,\"height\":696,\"caption\":\"Global Fund for Children\"},\"image\":{\"@id\":\"https:\/\/globalfundforchildren.org\/#\/schema\/logo\/image\/\"},\"sameAs\":[\"https:\/\/www.facebook.com\/GlobalFundforChildren\",\"https:\/\/x.com\/Global4Children\"]}]}<\/script>\n<!-- \/ Yoast SEO plugin. -->","yoast_head_json":{"title":"Contato - Fundo Global para Crian\u00e7as","description":"Gostar\u00edamos muito de ouvir de voc\u00ea. Por favor, envie-nos um e-mail ou ligue para n\u00f3s com suas perguntas e coment\u00e1rios.","robots":{"index":"index","follow":"follow","max-snippet":"max-snippet:-1","max-image-preview":"max-image-preview:large","max-video-preview":"max-video-preview:-1"},"canonical":"https:\/\/globalfundforchildren.org\/pt\/contact\/","og_locale":"pt_PT","og_type":"article","og_title":"Contact us","og_description":"We would love to hear from you. Please email us or call us with your questions and comments.","og_url":"https:\/\/globalfundforchildren.org\/pt\/contact\/","og_site_name":"Global Fund for Children","article_publisher":"https:\/\/www.facebook.com\/GlobalFundforChildren","article_modified_time":"2025-05-07T09:13:02+00:00","og_image":[{"width":600,"height":600,"url":"https:\/\/globalfundforchildren.org\/wp-content\/uploads\/2023\/11\/P4P-featured-image.png","type":"image\/png"}],"twitter_card":"summary_large_image","twitter_site":"@Global4Children","schema":{"@context":"https:\/\/schema.org","@graph":[{"@type":"WebPage","@id":"https:\/\/globalfundforchildren.org\/contact\/","url":"https:\/\/globalfundforchildren.org\/contact\/","name":"Contato - Fundo Global para Crian\u00e7as","isPartOf":{"@id":"https:\/\/globalfundforchildren.org\/#website"},"primaryImageOfPage":{"@id":"https:\/\/globalfundforchildren.org\/contact\/#primaryimage"},"image":{"@id":"https:\/\/globalfundforchildren.org\/contact\/#primaryimage"},"thumbnailUrl":"https:\/\/globalfundforchildren.org\/wp-content\/uploads\/2023\/11\/P4P-featured-image.png","datePublished":"2024-09-06T00:04:09+00:00","dateModified":"2025-05-07T09:13:02+00:00","description":"Gostar\u00edamos muito de ouvir de voc\u00ea. Por favor, envie-nos um e-mail ou ligue para n\u00f3s com suas perguntas e coment\u00e1rios.","breadcrumb":{"@id":"https:\/\/globalfundforchildren.org\/contact\/#breadcrumb"},"inLanguage":"pt-PT","potentialAction":[{"@type":"ReadAction","target":["https:\/\/globalfundforchildren.org\/contact\/"]}]},{"@type":"ImageObject","inLanguage":"pt-PT","@id":"https:\/\/globalfundforchildren.org\/contact\/#primaryimage","url":"https:\/\/globalfundforchildren.org\/wp-content\/uploads\/2023\/11\/P4P-featured-image.png","contentUrl":"https:\/\/globalfundforchildren.org\/wp-content\/uploads\/2023\/11\/P4P-featured-image.png","width":600,"height":600},{"@type":"BreadcrumbList","@id":"https:\/\/globalfundforchildren.org\/contact\/#breadcrumb","itemListElement":[{"@type":"ListItem","position":1,"name":"Home","item":"https:\/\/globalfundforchildren.org\/"},{"@type":"ListItem","position":2,"name":"Contact"}]},{"@type":"WebSite","@id":"https:\/\/globalfundforchildren.org\/#website","url":"https:\/\/globalfundforchildren.org\/","name":"Fundo Global para Crian\u00e7as","description":"","publisher":{"@id":"https:\/\/globalfundforchildren.org\/#organization"},"potentialAction":[{"@type":"SearchAction","target":{"@type":"EntryPoint","urlTemplate":"https:\/\/globalfundforchildren.org\/?s={search_term_string}"},"query-input":{"@type":"PropertyValueSpecification","valueRequired":true,"valueName":"search_term_string"}}],"inLanguage":"pt-PT"},{"@type":"Organization","@id":"https:\/\/globalfundforchildren.org\/#organization","name":"Fundo Global para Crian\u00e7as","url":"https:\/\/globalfundforchildren.org\/","logo":{"@type":"ImageObject","inLanguage":"pt-PT","@id":"https:\/\/globalfundforchildren.org\/#\/schema\/logo\/image\/","url":"https:\/\/globalfundforchildren.org\/wp-content\/uploads\/2024\/10\/gfc-logo.png","contentUrl":"https:\/\/globalfundforchildren.org\/wp-content\/uploads\/2024\/10\/gfc-logo.png","width":696,"height":696,"caption":"Global Fund for Children"},"image":{"@id":"https:\/\/globalfundforchildren.org\/#\/schema\/logo\/image\/"},"sameAs":["https:\/\/www.facebook.com\/GlobalFundforChildren","https:\/\/x.com\/Global4Children"]}]}},"_links":{"self":[{"href":"https:\/\/globalfundforchildren.org\/pt\/wp-json\/wp\/v2\/pages\/59","targetHints":{"allow":["GET"]}}],"collection":[{"href":"https:\/\/globalfundforchildren.org\/pt\/wp-json\/wp\/v2\/pages"}],"about":[{"href":"https:\/\/globalfundforchildren.org\/pt\/wp-json\/wp\/v2\/types\/page"}],"author":[{"embeddable":true,"href":"https:\/\/globalfundforchildren.org\/pt\/wp-json\/wp\/v2\/users\/2"}],"replies":[{"embeddable":true,"href":"https:\/\/globalfundforchildren.org\/pt\/wp-json\/wp\/v2\/comments?post=59"}],"version-history":[{"count":0,"href":"https:\/\/globalfundforchildren.org\/pt\/wp-json\/wp\/v2\/pages\/59\/revisions"}],"wp:featuredmedia":[{"embeddable":true,"href":"https:\/\/globalfundforchildren.org\/pt\/wp-json\/wp\/v2\/media\/730"}],"wp:attachment":[{"href":"https:\/\/globalfundforchildren.org\/pt\/wp-json\/wp\/v2\/media?parent=59"}],"curies":[{"name":"wp","href":"https:\/\/api.w.org\/{rel}","templated":true}]}}