{"id":296,"date":"2024-09-17T18:12:27","date_gmt":"2024-09-17T18:12:27","guid":{"rendered":"https:\/\/globalfundforchildren.org\/?page_id=296"},"modified":"2026-03-24T16:15:21","modified_gmt":"2026-03-24T16:15:21","slug":"fund-our-work","status":"publish","type":"page","link":"https:\/\/globalfundforchildren.org\/pt\/fund-our-work\/","title":{"rendered":"Para financiadores"},"content":{"rendered":"","protected":false},"excerpt":{"rendered":"","protected":false},"author":10,"featured_media":172,"parent":0,"menu_order":0,"comment_status":"closed","ping_status":"closed","template":"","meta":{"_acf_changed":false},"class_list":["post-296","page","type-page","status-publish","hentry"],"acf":[],"yoast_head":"<!-- This site is optimized with the Yoast SEO plugin v26.9 - https:\/\/yoast.com\/product\/yoast-seo-wordpress\/ -->\n<title>For Funders - Global Fund for Children<\/title>\n<meta name=\"description\" content=\"Your commitment and support fuels our mission. Your support empowers us to make a meaningful impact, driving positive change and fostering a brighter future for children, young people and communities.\" \/>\n<meta name=\"robots\" content=\"index, follow, max-snippet:-1, max-image-preview:large, max-video-preview:-1\" \/>\n<link rel=\"canonical\" href=\"https:\/\/globalfundforchildren.org\/pt\/fund-our-work\/\" \/>\n<meta property=\"og:locale\" content=\"pt_PT\" \/>\n<meta property=\"og:type\" content=\"article\" \/>\n<meta property=\"og:title\" content=\"For Funders - Global Fund for Children\" \/>\n<meta property=\"og:description\" content=\"Your commitment and support fuels our mission. Your support empowers us to make a meaningful impact, driving positive change and fostering a brighter future for children, young people and communities.\" \/>\n<meta property=\"og:url\" content=\"https:\/\/globalfundforchildren.org\/pt\/fund-our-work\/\" \/>\n<meta property=\"og:site_name\" content=\"Global Fund for Children\" \/>\n<meta property=\"article:publisher\" content=\"https:\/\/www.facebook.com\/GlobalFundforChildren\" \/>\n<meta property=\"article:modified_time\" content=\"2026-03-24T16:15:21+00:00\" \/>\n<meta property=\"og:image\" content=\"https:\/\/globalfundforchildren.org\/wp-content\/uploads\/2024\/09\/SafetyWellbing-Header.png\" \/>\n\t<meta property=\"og:image:width\" content=\"425\" \/>\n\t<meta property=\"og:image:height\" content=\"425\" \/>\n\t<meta property=\"og:image:type\" content=\"image\/png\" \/>\n<meta name=\"twitter:card\" content=\"summary_large_image\" \/>\n<meta name=\"twitter:site\" content=\"@Global4Children\" \/>\n<script type=\"application\/ld+json\" class=\"yoast-schema-graph\">{\"@context\":\"https:\/\/schema.org\",\"@graph\":[{\"@type\":\"WebPage\",\"@id\":\"https:\/\/globalfundforchildren.org\/fund-our-work\/\",\"url\":\"https:\/\/globalfundforchildren.org\/fund-our-work\/\",\"name\":\"For Funders - Global Fund for Children\",\"isPartOf\":{\"@id\":\"https:\/\/globalfundforchildren.org\/#website\"},\"primaryImageOfPage\":{\"@id\":\"https:\/\/globalfundforchildren.org\/fund-our-work\/#primaryimage\"},\"image\":{\"@id\":\"https:\/\/globalfundforchildren.org\/fund-our-work\/#primaryimage\"},\"thumbnailUrl\":\"https:\/\/globalfundforchildren.org\/wp-content\/uploads\/2024\/09\/SafetyWellbing-Header.png\",\"datePublished\":\"2024-09-17T18:12:27+00:00\",\"dateModified\":\"2026-03-24T16:15:21+00:00\",\"description\":\"Your commitment and support fuels our mission. Your support empowers us to make a meaningful impact, driving positive change and fostering a brighter future for children, young people and communities.\",\"breadcrumb\":{\"@id\":\"https:\/\/globalfundforchildren.org\/fund-our-work\/#breadcrumb\"},\"inLanguage\":\"pt-PT\",\"potentialAction\":[{\"@type\":\"ReadAction\",\"target\":[\"https:\/\/globalfundforchildren.org\/fund-our-work\/\"]}]},{\"@type\":\"ImageObject\",\"inLanguage\":\"pt-PT\",\"@id\":\"https:\/\/globalfundforchildren.org\/fund-our-work\/#primaryimage\",\"url\":\"https:\/\/globalfundforchildren.org\/wp-content\/uploads\/2024\/09\/SafetyWellbing-Header.png\",\"contentUrl\":\"https:\/\/globalfundforchildren.org\/wp-content\/uploads\/2024\/09\/SafetyWellbing-Header.png\",\"width\":425,\"height\":425},{\"@type\":\"BreadcrumbList\",\"@id\":\"https:\/\/globalfundforchildren.org\/fund-our-work\/#breadcrumb\",\"itemListElement\":[{\"@type\":\"ListItem\",\"position\":1,\"name\":\"Home\",\"item\":\"https:\/\/globalfundforchildren.org\/\"},{\"@type\":\"ListItem\",\"position\":2,\"name\":\"For Funders\"}]},{\"@type\":\"WebSite\",\"@id\":\"https:\/\/globalfundforchildren.org\/#website\",\"url\":\"https:\/\/globalfundforchildren.org\/\",\"name\":\"Global Fund for Children\",\"description\":\"\",\"publisher\":{\"@id\":\"https:\/\/globalfundforchildren.org\/#organization\"},\"potentialAction\":[{\"@type\":\"SearchAction\",\"target\":{\"@type\":\"EntryPoint\",\"urlTemplate\":\"https:\/\/globalfundforchildren.org\/?s={search_term_string}\"},\"query-input\":{\"@type\":\"PropertyValueSpecification\",\"valueRequired\":true,\"valueName\":\"search_term_string\"}}],\"inLanguage\":\"pt-PT\"},{\"@type\":\"Organization\",\"@id\":\"https:\/\/globalfundforchildren.org\/#organization\",\"name\":\"Global Fund for Children\",\"url\":\"https:\/\/globalfundforchildren.org\/\",\"logo\":{\"@type\":\"ImageObject\",\"inLanguage\":\"pt-PT\",\"@id\":\"https:\/\/globalfundforchildren.org\/#\/schema\/logo\/image\/\",\"url\":\"https:\/\/globalfundforchildren.org\/wp-content\/uploads\/2024\/10\/gfc-logo.png\",\"contentUrl\":\"https:\/\/globalfundforchildren.org\/wp-content\/uploads\/2024\/10\/gfc-logo.png\",\"width\":696,\"height\":696,\"caption\":\"Global Fund for Children\"},\"image\":{\"@id\":\"https:\/\/globalfundforchildren.org\/#\/schema\/logo\/image\/\"},\"sameAs\":[\"https:\/\/www.facebook.com\/GlobalFundforChildren\",\"https:\/\/x.com\/Global4Children\"]}]}<\/script>\n<!-- \/ Yoast SEO plugin. -->","yoast_head_json":{"title":"Para Financiadores - Fundo Global para Crian\u00e7as","description":"Seu comprometimento e apoio impulsionam nossa miss\u00e3o. Seu apoio nos capacita a causar um impacto significativo, impulsionando mudan\u00e7as positivas e promovendo um futuro melhor para crian\u00e7as, jovens e comunidades.","robots":{"index":"index","follow":"follow","max-snippet":"max-snippet:-1","max-image-preview":"max-image-preview:large","max-video-preview":"max-video-preview:-1"},"canonical":"https:\/\/globalfundforchildren.org\/pt\/fund-our-work\/","og_locale":"pt_PT","og_type":"article","og_title":"For Funders - Global Fund for Children","og_description":"Your commitment and support fuels our mission. Your support empowers us to make a meaningful impact, driving positive change and fostering a brighter future for children, young people and communities.","og_url":"https:\/\/globalfundforchildren.org\/pt\/fund-our-work\/","og_site_name":"Global Fund for Children","article_publisher":"https:\/\/www.facebook.com\/GlobalFundforChildren","article_modified_time":"2026-03-24T16:15:21+00:00","og_image":[{"width":425,"height":425,"url":"https:\/\/globalfundforchildren.org\/wp-content\/uploads\/2024\/09\/SafetyWellbing-Header.png","type":"image\/png"}],"twitter_card":"summary_large_image","twitter_site":"@Global4Children","schema":{"@context":"https:\/\/schema.org","@graph":[{"@type":"WebPage","@id":"https:\/\/globalfundforchildren.org\/fund-our-work\/","url":"https:\/\/globalfundforchildren.org\/fund-our-work\/","name":"Para Financiadores - Fundo Global para Crian\u00e7as","isPartOf":{"@id":"https:\/\/globalfundforchildren.org\/#website"},"primaryImageOfPage":{"@id":"https:\/\/globalfundforchildren.org\/fund-our-work\/#primaryimage"},"image":{"@id":"https:\/\/globalfundforchildren.org\/fund-our-work\/#primaryimage"},"thumbnailUrl":"https:\/\/globalfundforchildren.org\/wp-content\/uploads\/2024\/09\/SafetyWellbing-Header.png","datePublished":"2024-09-17T18:12:27+00:00","dateModified":"2026-03-24T16:15:21+00:00","description":"Seu comprometimento e apoio impulsionam nossa miss\u00e3o. Seu apoio nos capacita a causar um impacto significativo, impulsionando mudan\u00e7as positivas e promovendo um futuro melhor para crian\u00e7as, jovens e comunidades.","breadcrumb":{"@id":"https:\/\/globalfundforchildren.org\/fund-our-work\/#breadcrumb"},"inLanguage":"pt-PT","potentialAction":[{"@type":"ReadAction","target":["https:\/\/globalfundforchildren.org\/fund-our-work\/"]}]},{"@type":"ImageObject","inLanguage":"pt-PT","@id":"https:\/\/globalfundforchildren.org\/fund-our-work\/#primaryimage","url":"https:\/\/globalfundforchildren.org\/wp-content\/uploads\/2024\/09\/SafetyWellbing-Header.png","contentUrl":"https:\/\/globalfundforchildren.org\/wp-content\/uploads\/2024\/09\/SafetyWellbing-Header.png","width":425,"height":425},{"@type":"BreadcrumbList","@id":"https:\/\/globalfundforchildren.org\/fund-our-work\/#breadcrumb","itemListElement":[{"@type":"ListItem","position":1,"name":"Home","item":"https:\/\/globalfundforchildren.org\/"},{"@type":"ListItem","position":2,"name":"For Funders"}]},{"@type":"WebSite","@id":"https:\/\/globalfundforchildren.org\/#website","url":"https:\/\/globalfundforchildren.org\/","name":"Fundo Global para Crian\u00e7as","description":"","publisher":{"@id":"https:\/\/globalfundforchildren.org\/#organization"},"potentialAction":[{"@type":"SearchAction","target":{"@type":"EntryPoint","urlTemplate":"https:\/\/globalfundforchildren.org\/?s={search_term_string}"},"query-input":{"@type":"PropertyValueSpecification","valueRequired":true,"valueName":"search_term_string"}}],"inLanguage":"pt-PT"},{"@type":"Organization","@id":"https:\/\/globalfundforchildren.org\/#organization","name":"Fundo Global para Crian\u00e7as","url":"https:\/\/globalfundforchildren.org\/","logo":{"@type":"ImageObject","inLanguage":"pt-PT","@id":"https:\/\/globalfundforchildren.org\/#\/schema\/logo\/image\/","url":"https:\/\/globalfundforchildren.org\/wp-content\/uploads\/2024\/10\/gfc-logo.png","contentUrl":"https:\/\/globalfundforchildren.org\/wp-content\/uploads\/2024\/10\/gfc-logo.png","width":696,"height":696,"caption":"Global Fund for Children"},"image":{"@id":"https:\/\/globalfundforchildren.org\/#\/schema\/logo\/image\/"},"sameAs":["https:\/\/www.facebook.com\/GlobalFundforChildren","https:\/\/x.com\/Global4Children"]}]}},"_links":{"self":[{"href":"https:\/\/globalfundforchildren.org\/pt\/wp-json\/wp\/v2\/pages\/296","targetHints":{"allow":["GET"]}}],"collection":[{"href":"https:\/\/globalfundforchildren.org\/pt\/wp-json\/wp\/v2\/pages"}],"about":[{"href":"https:\/\/globalfundforchildren.org\/pt\/wp-json\/wp\/v2\/types\/page"}],"author":[{"embeddable":true,"href":"https:\/\/globalfundforchildren.org\/pt\/wp-json\/wp\/v2\/users\/10"}],"replies":[{"embeddable":true,"href":"https:\/\/globalfundforchildren.org\/pt\/wp-json\/wp\/v2\/comments?post=296"}],"version-history":[{"count":0,"href":"https:\/\/globalfundforchildren.org\/pt\/wp-json\/wp\/v2\/pages\/296\/revisions"}],"wp:featuredmedia":[{"embeddable":true,"href":"https:\/\/globalfundforchildren.org\/pt\/wp-json\/wp\/v2\/media\/172"}],"wp:attachment":[{"href":"https:\/\/globalfundforchildren.org\/pt\/wp-json\/wp\/v2\/media?parent=296"}],"curies":[{"name":"wp","href":"https:\/\/api.w.org\/{rel}","templated":true}]}}