{"id":13692,"date":"2025-08-27T16:44:18","date_gmt":"2025-08-27T16:44:18","guid":{"rendered":"https:\/\/globalfundforchildren.org\/?page_id=13692"},"modified":"2026-03-10T15:17:53","modified_gmt":"2026-03-10T15:17:53","slug":"global-impact-study","status":"publish","type":"page","link":"https:\/\/globalfundforchildren.org\/pt\/global-impact-study\/","title":{"rendered":"Estudo de Impacto Global"},"content":{"rendered":"","protected":false},"excerpt":{"rendered":"","protected":false},"author":17,"featured_media":13697,"parent":0,"menu_order":0,"comment_status":"closed","ping_status":"closed","template":"","meta":{"_acf_changed":false},"class_list":["post-13692","page","type-page","status-publish","hentry"],"acf":[],"yoast_head":"<!-- This site is optimized with the Yoast SEO plugin v26.9 - https:\/\/yoast.com\/product\/yoast-seo-wordpress\/ -->\n<title>Global Impact Study - Global Fund for Children<\/title>\n<meta name=\"description\" content=\"Discover the results of Global Fund for Children\u2019s Global Impact Study on trust-based philanthropy\u2014how it supports partner organizations, children, and communities worldwide.\" \/>\n<meta name=\"robots\" content=\"index, follow, max-snippet:-1, max-image-preview:large, max-video-preview:-1\" \/>\n<link rel=\"canonical\" href=\"https:\/\/globalfundforchildren.org\/pt\/global-impact-study\/\" \/>\n<meta property=\"og:locale\" content=\"pt_PT\" \/>\n<meta property=\"og:type\" content=\"article\" \/>\n<meta property=\"og:title\" content=\"Trust-Based Philanthropy: Does it Work?\" \/>\n<meta property=\"og:description\" content=\"Discover the results of Global Fund for Children\u2019s Global Impact Study on trust-based philanthropy\u2014how it supports partner organizations, children, and communities worldwide.\" \/>\n<meta property=\"og:url\" content=\"https:\/\/globalfundforchildren.org\/pt\/global-impact-study\/\" \/>\n<meta property=\"og:site_name\" content=\"Global Fund for Children\" \/>\n<meta property=\"article:publisher\" content=\"https:\/\/www.facebook.com\/GlobalFundforChildren\" \/>\n<meta property=\"article:modified_time\" content=\"2026-03-10T15:17:53+00:00\" \/>\n<meta property=\"og:image\" content=\"https:\/\/globalfundforchildren.org\/wp-content\/uploads\/2025\/09\/GIS-Short-Form-e1757607984737.png\" \/>\n\t<meta property=\"og:image:width\" content=\"1080\" \/>\n\t<meta property=\"og:image:height\" content=\"600\" \/>\n\t<meta property=\"og:image:type\" content=\"image\/png\" \/>\n<meta name=\"twitter:card\" content=\"summary_large_image\" \/>\n<meta name=\"twitter:site\" content=\"@Global4Children\" \/>\n<script type=\"application\/ld+json\" class=\"yoast-schema-graph\">{\"@context\":\"https:\/\/schema.org\",\"@graph\":[{\"@type\":\"WebPage\",\"@id\":\"https:\/\/globalfundforchildren.org\/global-impact-study\/\",\"url\":\"https:\/\/globalfundforchildren.org\/global-impact-study\/\",\"name\":\"Global Impact Study - Global Fund for Children\",\"isPartOf\":{\"@id\":\"https:\/\/globalfundforchildren.org\/#website\"},\"primaryImageOfPage\":{\"@id\":\"https:\/\/globalfundforchildren.org\/global-impact-study\/#primaryimage\"},\"image\":{\"@id\":\"https:\/\/globalfundforchildren.org\/global-impact-study\/#primaryimage\"},\"thumbnailUrl\":\"https:\/\/globalfundforchildren.org\/wp-content\/uploads\/2025\/08\/GIS-Web-assets.png\",\"datePublished\":\"2025-08-27T16:44:18+00:00\",\"dateModified\":\"2026-03-10T15:17:53+00:00\",\"description\":\"Discover the results of Global Fund for Children\u2019s Global Impact Study on trust-based philanthropy\u2014how it supports partner organizations, children, and communities worldwide.\",\"breadcrumb\":{\"@id\":\"https:\/\/globalfundforchildren.org\/global-impact-study\/#breadcrumb\"},\"inLanguage\":\"pt-PT\",\"potentialAction\":[{\"@type\":\"ReadAction\",\"target\":[\"https:\/\/globalfundforchildren.org\/global-impact-study\/\"]}]},{\"@type\":\"ImageObject\",\"inLanguage\":\"pt-PT\",\"@id\":\"https:\/\/globalfundforchildren.org\/global-impact-study\/#primaryimage\",\"url\":\"https:\/\/globalfundforchildren.org\/wp-content\/uploads\/2025\/08\/GIS-Web-assets.png\",\"contentUrl\":\"https:\/\/globalfundforchildren.org\/wp-content\/uploads\/2025\/08\/GIS-Web-assets.png\",\"width\":450,\"height\":450},{\"@type\":\"BreadcrumbList\",\"@id\":\"https:\/\/globalfundforchildren.org\/global-impact-study\/#breadcrumb\",\"itemListElement\":[{\"@type\":\"ListItem\",\"position\":1,\"name\":\"Home\",\"item\":\"https:\/\/globalfundforchildren.org\/\"},{\"@type\":\"ListItem\",\"position\":2,\"name\":\"Global Impact Study\"}]},{\"@type\":\"WebSite\",\"@id\":\"https:\/\/globalfundforchildren.org\/#website\",\"url\":\"https:\/\/globalfundforchildren.org\/\",\"name\":\"Global Fund for Children\",\"description\":\"\",\"publisher\":{\"@id\":\"https:\/\/globalfundforchildren.org\/#organization\"},\"potentialAction\":[{\"@type\":\"SearchAction\",\"target\":{\"@type\":\"EntryPoint\",\"urlTemplate\":\"https:\/\/globalfundforchildren.org\/?s={search_term_string}\"},\"query-input\":{\"@type\":\"PropertyValueSpecification\",\"valueRequired\":true,\"valueName\":\"search_term_string\"}}],\"inLanguage\":\"pt-PT\"},{\"@type\":\"Organization\",\"@id\":\"https:\/\/globalfundforchildren.org\/#organization\",\"name\":\"Global Fund for Children\",\"url\":\"https:\/\/globalfundforchildren.org\/\",\"logo\":{\"@type\":\"ImageObject\",\"inLanguage\":\"pt-PT\",\"@id\":\"https:\/\/globalfundforchildren.org\/#\/schema\/logo\/image\/\",\"url\":\"https:\/\/globalfundforchildren.org\/wp-content\/uploads\/2024\/10\/gfc-logo.png\",\"contentUrl\":\"https:\/\/globalfundforchildren.org\/wp-content\/uploads\/2024\/10\/gfc-logo.png\",\"width\":696,\"height\":696,\"caption\":\"Global Fund for Children\"},\"image\":{\"@id\":\"https:\/\/globalfundforchildren.org\/#\/schema\/logo\/image\/\"},\"sameAs\":[\"https:\/\/www.facebook.com\/GlobalFundforChildren\",\"https:\/\/x.com\/Global4Children\"]}]}<\/script>\n<!-- \/ Yoast SEO plugin. -->","yoast_head_json":{"title":"Estudo de Impacto Global - Fundo Global para Crian\u00e7as","description":"Descubra os resultados do Estudo de Impacto Global do Fundo Global para Crian\u00e7as sobre filantropia baseada em confian\u00e7a \u2014 como ela apoia organiza\u00e7\u00f5es parceiras, crian\u00e7as e comunidades no mundo todo.","robots":{"index":"index","follow":"follow","max-snippet":"max-snippet:-1","max-image-preview":"max-image-preview:large","max-video-preview":"max-video-preview:-1"},"canonical":"https:\/\/globalfundforchildren.org\/pt\/global-impact-study\/","og_locale":"pt_PT","og_type":"article","og_title":"Trust-Based Philanthropy: Does it Work?","og_description":"Discover the results of Global Fund for Children\u2019s Global Impact Study on trust-based philanthropy\u2014how it supports partner organizations, children, and communities worldwide.","og_url":"https:\/\/globalfundforchildren.org\/pt\/global-impact-study\/","og_site_name":"Global Fund for Children","article_publisher":"https:\/\/www.facebook.com\/GlobalFundforChildren","article_modified_time":"2026-03-10T15:17:53+00:00","og_image":[{"width":1080,"height":600,"url":"https:\/\/globalfundforchildren.org\/wp-content\/uploads\/2025\/09\/GIS-Short-Form-e1757607984737.png","type":"image\/png"}],"twitter_card":"summary_large_image","twitter_site":"@Global4Children","schema":{"@context":"https:\/\/schema.org","@graph":[{"@type":"WebPage","@id":"https:\/\/globalfundforchildren.org\/global-impact-study\/","url":"https:\/\/globalfundforchildren.org\/global-impact-study\/","name":"Estudo de Impacto Global - Fundo Global para Crian\u00e7as","isPartOf":{"@id":"https:\/\/globalfundforchildren.org\/#website"},"primaryImageOfPage":{"@id":"https:\/\/globalfundforchildren.org\/global-impact-study\/#primaryimage"},"image":{"@id":"https:\/\/globalfundforchildren.org\/global-impact-study\/#primaryimage"},"thumbnailUrl":"https:\/\/globalfundforchildren.org\/wp-content\/uploads\/2025\/08\/GIS-Web-assets.png","datePublished":"2025-08-27T16:44:18+00:00","dateModified":"2026-03-10T15:17:53+00:00","description":"Descubra os resultados do Estudo de Impacto Global do Fundo Global para Crian\u00e7as sobre filantropia baseada em confian\u00e7a \u2014 como ela apoia organiza\u00e7\u00f5es parceiras, crian\u00e7as e comunidades no mundo todo.","breadcrumb":{"@id":"https:\/\/globalfundforchildren.org\/global-impact-study\/#breadcrumb"},"inLanguage":"pt-PT","potentialAction":[{"@type":"ReadAction","target":["https:\/\/globalfundforchildren.org\/global-impact-study\/"]}]},{"@type":"ImageObject","inLanguage":"pt-PT","@id":"https:\/\/globalfundforchildren.org\/global-impact-study\/#primaryimage","url":"https:\/\/globalfundforchildren.org\/wp-content\/uploads\/2025\/08\/GIS-Web-assets.png","contentUrl":"https:\/\/globalfundforchildren.org\/wp-content\/uploads\/2025\/08\/GIS-Web-assets.png","width":450,"height":450},{"@type":"BreadcrumbList","@id":"https:\/\/globalfundforchildren.org\/global-impact-study\/#breadcrumb","itemListElement":[{"@type":"ListItem","position":1,"name":"Home","item":"https:\/\/globalfundforchildren.org\/"},{"@type":"ListItem","position":2,"name":"Global Impact Study"}]},{"@type":"WebSite","@id":"https:\/\/globalfundforchildren.org\/#website","url":"https:\/\/globalfundforchildren.org\/","name":"Fundo Global para Crian\u00e7as","description":"","publisher":{"@id":"https:\/\/globalfundforchildren.org\/#organization"},"potentialAction":[{"@type":"SearchAction","target":{"@type":"EntryPoint","urlTemplate":"https:\/\/globalfundforchildren.org\/?s={search_term_string}"},"query-input":{"@type":"PropertyValueSpecification","valueRequired":true,"valueName":"search_term_string"}}],"inLanguage":"pt-PT"},{"@type":"Organization","@id":"https:\/\/globalfundforchildren.org\/#organization","name":"Fundo Global para Crian\u00e7as","url":"https:\/\/globalfundforchildren.org\/","logo":{"@type":"ImageObject","inLanguage":"pt-PT","@id":"https:\/\/globalfundforchildren.org\/#\/schema\/logo\/image\/","url":"https:\/\/globalfundforchildren.org\/wp-content\/uploads\/2024\/10\/gfc-logo.png","contentUrl":"https:\/\/globalfundforchildren.org\/wp-content\/uploads\/2024\/10\/gfc-logo.png","width":696,"height":696,"caption":"Global Fund for Children"},"image":{"@id":"https:\/\/globalfundforchildren.org\/#\/schema\/logo\/image\/"},"sameAs":["https:\/\/www.facebook.com\/GlobalFundforChildren","https:\/\/x.com\/Global4Children"]}]}},"_links":{"self":[{"href":"https:\/\/globalfundforchildren.org\/pt\/wp-json\/wp\/v2\/pages\/13692","targetHints":{"allow":["GET"]}}],"collection":[{"href":"https:\/\/globalfundforchildren.org\/pt\/wp-json\/wp\/v2\/pages"}],"about":[{"href":"https:\/\/globalfundforchildren.org\/pt\/wp-json\/wp\/v2\/types\/page"}],"author":[{"embeddable":true,"href":"https:\/\/globalfundforchildren.org\/pt\/wp-json\/wp\/v2\/users\/17"}],"replies":[{"embeddable":true,"href":"https:\/\/globalfundforchildren.org\/pt\/wp-json\/wp\/v2\/comments?post=13692"}],"version-history":[{"count":0,"href":"https:\/\/globalfundforchildren.org\/pt\/wp-json\/wp\/v2\/pages\/13692\/revisions"}],"wp:featuredmedia":[{"embeddable":true,"href":"https:\/\/globalfundforchildren.org\/pt\/wp-json\/wp\/v2\/media\/13697"}],"wp:attachment":[{"href":"https:\/\/globalfundforchildren.org\/pt\/wp-json\/wp\/v2\/media?parent=13692"}],"curies":[{"name":"wp","href":"https:\/\/api.w.org\/{rel}","templated":true}]}}