{"id":11,"date":"2024-09-04T16:21:13","date_gmt":"2024-09-04T16:21:13","guid":{"rendered":"https:\/\/globalfundforchildren.org\/?page_id=11"},"modified":"2026-04-01T10:30:02","modified_gmt":"2026-04-01T10:30:02","slug":"our-collaborative-funds","status":"publish","type":"page","link":"https:\/\/globalfundforchildren.org\/pt\/our-collaborative-funds\/","title":{"rendered":"Nossos Fundos Colaborativos"},"content":{"rendered":"","protected":false},"excerpt":{"rendered":"","protected":false},"author":2,"featured_media":0,"parent":0,"menu_order":0,"comment_status":"closed","ping_status":"closed","template":"template-audience.php","meta":{"_acf_changed":false},"class_list":["post-11","page","type-page","status-publish","hentry"],"acf":[],"yoast_head":"<!-- This site is optimized with the Yoast SEO plugin v26.9 - https:\/\/yoast.com\/product\/yoast-seo-wordpress\/ -->\n<title>Our Collaborative Funds - Global Fund for Children<\/title>\n<meta name=\"description\" content=\"GFC brings together funders and donors to pool resources to address complex issues affecting children and young people more effectively. Our \u2018collaborative funds\u2019 combine financial contributions and expertise, enhance impact, foster innovative solutions, and promote collective accountability.\" \/>\n<meta name=\"robots\" content=\"index, follow, max-snippet:-1, max-image-preview:large, max-video-preview:-1\" \/>\n<link rel=\"canonical\" href=\"https:\/\/globalfundforchildren.org\/pt\/our-collaborative-funds\/\" \/>\n<meta property=\"og:locale\" content=\"pt_PT\" \/>\n<meta property=\"og:type\" content=\"article\" \/>\n<meta property=\"og:title\" content=\"Our Collaborative Funds - Global Fund for Children\" \/>\n<meta property=\"og:description\" content=\"GFC brings together funders and donors to pool resources to address complex issues affecting children and young people more effectively. Our \u2018collaborative funds\u2019 combine financial contributions and expertise, enhance impact, foster innovative solutions, and promote collective accountability.\" \/>\n<meta property=\"og:url\" content=\"https:\/\/globalfundforchildren.org\/pt\/our-collaborative-funds\/\" \/>\n<meta property=\"og:site_name\" content=\"Global Fund for Children\" \/>\n<meta property=\"article:publisher\" content=\"https:\/\/www.facebook.com\/GlobalFundforChildren\" \/>\n<meta property=\"article:modified_time\" content=\"2026-04-01T10:30:02+00:00\" \/>\n<meta property=\"og:image\" content=\"https:\/\/globalfundforchildren.org\/wp-content\/uploads\/2024\/10\/share.jpg\" \/>\n\t<meta property=\"og:image:width\" content=\"1200\" \/>\n\t<meta property=\"og:image:height\" content=\"630\" \/>\n\t<meta property=\"og:image:type\" content=\"image\/jpeg\" \/>\n<meta name=\"twitter:card\" content=\"summary_large_image\" \/>\n<meta name=\"twitter:site\" content=\"@Global4Children\" \/>\n<script type=\"application\/ld+json\" class=\"yoast-schema-graph\">{\"@context\":\"https:\/\/schema.org\",\"@graph\":[{\"@type\":\"WebPage\",\"@id\":\"https:\/\/globalfundforchildren.org\/our-collaborative-funds\/\",\"url\":\"https:\/\/globalfundforchildren.org\/our-collaborative-funds\/\",\"name\":\"Our Collaborative Funds - Global Fund for Children\",\"isPartOf\":{\"@id\":\"https:\/\/globalfundforchildren.org\/#website\"},\"datePublished\":\"2024-09-04T16:21:13+00:00\",\"dateModified\":\"2026-04-01T10:30:02+00:00\",\"description\":\"GFC brings together funders and donors to pool resources to address complex issues affecting children and young people more effectively. Our \u2018collaborative funds\u2019 combine financial contributions and expertise, enhance impact, foster innovative solutions, and promote collective accountability.\",\"breadcrumb\":{\"@id\":\"https:\/\/globalfundforchildren.org\/our-collaborative-funds\/#breadcrumb\"},\"inLanguage\":\"pt-PT\",\"potentialAction\":[{\"@type\":\"ReadAction\",\"target\":[\"https:\/\/globalfundforchildren.org\/our-collaborative-funds\/\"]}]},{\"@type\":\"BreadcrumbList\",\"@id\":\"https:\/\/globalfundforchildren.org\/our-collaborative-funds\/#breadcrumb\",\"itemListElement\":[{\"@type\":\"ListItem\",\"position\":1,\"name\":\"Home\",\"item\":\"https:\/\/globalfundforchildren.org\/\"},{\"@type\":\"ListItem\",\"position\":2,\"name\":\"Our Collaborative Funds\"}]},{\"@type\":\"WebSite\",\"@id\":\"https:\/\/globalfundforchildren.org\/#website\",\"url\":\"https:\/\/globalfundforchildren.org\/\",\"name\":\"Global Fund for Children\",\"description\":\"\",\"publisher\":{\"@id\":\"https:\/\/globalfundforchildren.org\/#organization\"},\"potentialAction\":[{\"@type\":\"SearchAction\",\"target\":{\"@type\":\"EntryPoint\",\"urlTemplate\":\"https:\/\/globalfundforchildren.org\/?s={search_term_string}\"},\"query-input\":{\"@type\":\"PropertyValueSpecification\",\"valueRequired\":true,\"valueName\":\"search_term_string\"}}],\"inLanguage\":\"pt-PT\"},{\"@type\":\"Organization\",\"@id\":\"https:\/\/globalfundforchildren.org\/#organization\",\"name\":\"Global Fund for Children\",\"url\":\"https:\/\/globalfundforchildren.org\/\",\"logo\":{\"@type\":\"ImageObject\",\"inLanguage\":\"pt-PT\",\"@id\":\"https:\/\/globalfundforchildren.org\/#\/schema\/logo\/image\/\",\"url\":\"https:\/\/globalfundforchildren.org\/wp-content\/uploads\/2024\/10\/gfc-logo.png\",\"contentUrl\":\"https:\/\/globalfundforchildren.org\/wp-content\/uploads\/2024\/10\/gfc-logo.png\",\"width\":696,\"height\":696,\"caption\":\"Global Fund for Children\"},\"image\":{\"@id\":\"https:\/\/globalfundforchildren.org\/#\/schema\/logo\/image\/\"},\"sameAs\":[\"https:\/\/www.facebook.com\/GlobalFundforChildren\",\"https:\/\/x.com\/Global4Children\"]}]}<\/script>\n<!-- \/ Yoast SEO plugin. -->","yoast_head_json":{"title":"Nossos Fundos Colaborativos - Fundo Global para Crian\u00e7as","description":"O GFC re\u00fane financiadores e doadores para reunir recursos e abordar quest\u00f5es complexas que afetam crian\u00e7as e jovens de forma mais eficaz. Nossos &quot;fundos colaborativos&quot; combinam contribui\u00e7\u00f5es financeiras e expertise, ampliam o impacto, promovem solu\u00e7\u00f5es inovadoras e promovem a responsabiliza\u00e7\u00e3o coletiva.","robots":{"index":"index","follow":"follow","max-snippet":"max-snippet:-1","max-image-preview":"max-image-preview:large","max-video-preview":"max-video-preview:-1"},"canonical":"https:\/\/globalfundforchildren.org\/pt\/our-collaborative-funds\/","og_locale":"pt_PT","og_type":"article","og_title":"Our Collaborative Funds - Global Fund for Children","og_description":"GFC brings together funders and donors to pool resources to address complex issues affecting children and young people more effectively. Our \u2018collaborative funds\u2019 combine financial contributions and expertise, enhance impact, foster innovative solutions, and promote collective accountability.","og_url":"https:\/\/globalfundforchildren.org\/pt\/our-collaborative-funds\/","og_site_name":"Global Fund for Children","article_publisher":"https:\/\/www.facebook.com\/GlobalFundforChildren","article_modified_time":"2026-04-01T10:30:02+00:00","og_image":[{"width":1200,"height":630,"url":"https:\/\/globalfundforchildren.org\/wp-content\/uploads\/2024\/10\/share.jpg","type":"image\/jpeg"}],"twitter_card":"summary_large_image","twitter_site":"@Global4Children","schema":{"@context":"https:\/\/schema.org","@graph":[{"@type":"WebPage","@id":"https:\/\/globalfundforchildren.org\/our-collaborative-funds\/","url":"https:\/\/globalfundforchildren.org\/our-collaborative-funds\/","name":"Nossos Fundos Colaborativos - Fundo Global para Crian\u00e7as","isPartOf":{"@id":"https:\/\/globalfundforchildren.org\/#website"},"datePublished":"2024-09-04T16:21:13+00:00","dateModified":"2026-04-01T10:30:02+00:00","description":"O GFC re\u00fane financiadores e doadores para reunir recursos e abordar quest\u00f5es complexas que afetam crian\u00e7as e jovens de forma mais eficaz. Nossos &quot;fundos colaborativos&quot; combinam contribui\u00e7\u00f5es financeiras e expertise, ampliam o impacto, promovem solu\u00e7\u00f5es inovadoras e promovem a responsabiliza\u00e7\u00e3o coletiva.","breadcrumb":{"@id":"https:\/\/globalfundforchildren.org\/our-collaborative-funds\/#breadcrumb"},"inLanguage":"pt-PT","potentialAction":[{"@type":"ReadAction","target":["https:\/\/globalfundforchildren.org\/our-collaborative-funds\/"]}]},{"@type":"BreadcrumbList","@id":"https:\/\/globalfundforchildren.org\/our-collaborative-funds\/#breadcrumb","itemListElement":[{"@type":"ListItem","position":1,"name":"Home","item":"https:\/\/globalfundforchildren.org\/"},{"@type":"ListItem","position":2,"name":"Our Collaborative Funds"}]},{"@type":"WebSite","@id":"https:\/\/globalfundforchildren.org\/#website","url":"https:\/\/globalfundforchildren.org\/","name":"Fundo Global para Crian\u00e7as","description":"","publisher":{"@id":"https:\/\/globalfundforchildren.org\/#organization"},"potentialAction":[{"@type":"SearchAction","target":{"@type":"EntryPoint","urlTemplate":"https:\/\/globalfundforchildren.org\/?s={search_term_string}"},"query-input":{"@type":"PropertyValueSpecification","valueRequired":true,"valueName":"search_term_string"}}],"inLanguage":"pt-PT"},{"@type":"Organization","@id":"https:\/\/globalfundforchildren.org\/#organization","name":"Fundo Global para Crian\u00e7as","url":"https:\/\/globalfundforchildren.org\/","logo":{"@type":"ImageObject","inLanguage":"pt-PT","@id":"https:\/\/globalfundforchildren.org\/#\/schema\/logo\/image\/","url":"https:\/\/globalfundforchildren.org\/wp-content\/uploads\/2024\/10\/gfc-logo.png","contentUrl":"https:\/\/globalfundforchildren.org\/wp-content\/uploads\/2024\/10\/gfc-logo.png","width":696,"height":696,"caption":"Global Fund for Children"},"image":{"@id":"https:\/\/globalfundforchildren.org\/#\/schema\/logo\/image\/"},"sameAs":["https:\/\/www.facebook.com\/GlobalFundforChildren","https:\/\/x.com\/Global4Children"]}]}},"_links":{"self":[{"href":"https:\/\/globalfundforchildren.org\/pt\/wp-json\/wp\/v2\/pages\/11","targetHints":{"allow":["GET"]}}],"collection":[{"href":"https:\/\/globalfundforchildren.org\/pt\/wp-json\/wp\/v2\/pages"}],"about":[{"href":"https:\/\/globalfundforchildren.org\/pt\/wp-json\/wp\/v2\/types\/page"}],"author":[{"embeddable":true,"href":"https:\/\/globalfundforchildren.org\/pt\/wp-json\/wp\/v2\/users\/2"}],"replies":[{"embeddable":true,"href":"https:\/\/globalfundforchildren.org\/pt\/wp-json\/wp\/v2\/comments?post=11"}],"version-history":[{"count":0,"href":"https:\/\/globalfundforchildren.org\/pt\/wp-json\/wp\/v2\/pages\/11\/revisions"}],"wp:attachment":[{"href":"https:\/\/globalfundforchildren.org\/pt\/wp-json\/wp\/v2\/media?parent=11"}],"curies":[{"name":"wp","href":"https:\/\/api.w.org\/{rel}","templated":true}]}}