{"id":91,"date":"2024-09-06T00:16:09","date_gmt":"2024-09-06T00:16:09","guid":{"rendered":"https:\/\/globalfundforchildren.org\/?page_id=91"},"modified":"2026-05-08T12:12:11","modified_gmt":"2026-05-08T12:12:11","slug":"ways-to-give","status":"publish","type":"page","link":"https:\/\/globalfundforchildren.org\/fr\/ways-to-give\/","title":{"rendered":"Fa\u00e7ons de donner"},"content":{"rendered":"","protected":false},"excerpt":{"rendered":"","protected":false},"author":2,"featured_media":6854,"parent":0,"menu_order":0,"comment_status":"closed","ping_status":"closed","template":"","meta":{"_acf_changed":false},"class_list":["post-91","page","type-page","status-publish","hentry"],"acf":[],"yoast_head":"<!-- This site is optimized with the Yoast SEO plugin v26.9 - https:\/\/yoast.com\/product\/yoast-seo-wordpress\/ -->\n<title>Ways to give - Global Fund for Children<\/title>\n<meta name=\"description\" content=\"Explore ways to give to Global Fund for Children and help us build a better future for children worldwide. We accept donations online, in cryptocurrency, by check mailed to our office, and various other methods.\" \/>\n<meta name=\"robots\" content=\"index, follow, max-snippet:-1, max-image-preview:large, max-video-preview:-1\" \/>\n<link rel=\"canonical\" href=\"https:\/\/globalfundforchildren.org\/fr\/ways-to-give\/\" \/>\n<meta property=\"og:locale\" content=\"fr_FR\" \/>\n<meta property=\"og:type\" content=\"article\" \/>\n<meta property=\"og:title\" content=\"Ways to give - Global Fund for Children\" \/>\n<meta property=\"og:description\" content=\"Explore ways to give to Global Fund for Children and help us build a better future for children worldwide. We accept donations online, in cryptocurrency, by check mailed to our office, and various other methods.\" \/>\n<meta property=\"og:url\" content=\"https:\/\/globalfundforchildren.org\/fr\/ways-to-give\/\" \/>\n<meta property=\"og:site_name\" content=\"Global Fund for Children\" \/>\n<meta property=\"article:publisher\" content=\"https:\/\/www.facebook.com\/GlobalFundforChildren\" \/>\n<meta property=\"article:modified_time\" content=\"2026-05-08T12:12:11+00:00\" \/>\n<meta property=\"og:image\" content=\"https:\/\/globalfundforchildren.org\/wp-content\/uploads\/2024\/09\/2-boys-smile-up-at-cameraJabuka_photo-Petar-Markovic-86-scaled.jpg\" \/>\n\t<meta property=\"og:image:width\" content=\"2560\" \/>\n\t<meta property=\"og:image:height\" content=\"1707\" \/>\n\t<meta property=\"og:image:type\" content=\"image\/jpeg\" \/>\n<meta name=\"twitter:card\" content=\"summary_large_image\" \/>\n<meta name=\"twitter:site\" content=\"@Global4Children\" \/>\n<script type=\"application\/ld+json\" class=\"yoast-schema-graph\">{\"@context\":\"https:\/\/schema.org\",\"@graph\":[{\"@type\":\"WebPage\",\"@id\":\"https:\/\/globalfundforchildren.org\/ways-to-give\/\",\"url\":\"https:\/\/globalfundforchildren.org\/ways-to-give\/\",\"name\":\"Ways to give - Global Fund for Children\",\"isPartOf\":{\"@id\":\"https:\/\/globalfundforchildren.org\/#website\"},\"primaryImageOfPage\":{\"@id\":\"https:\/\/globalfundforchildren.org\/ways-to-give\/#primaryimage\"},\"image\":{\"@id\":\"https:\/\/globalfundforchildren.org\/ways-to-give\/#primaryimage\"},\"thumbnailUrl\":\"https:\/\/globalfundforchildren.org\/wp-content\/uploads\/2024\/09\/2-boys-smile-up-at-cameraJabuka_photo-Petar-Markovic-86-scaled.jpg\",\"datePublished\":\"2024-09-06T00:16:09+00:00\",\"dateModified\":\"2026-05-08T12:12:11+00:00\",\"description\":\"Explore ways to give to Global Fund for Children and help us build a better future for children worldwide. We accept donations online, in cryptocurrency, by check mailed to our office, and various other methods.\",\"breadcrumb\":{\"@id\":\"https:\/\/globalfundforchildren.org\/ways-to-give\/#breadcrumb\"},\"inLanguage\":\"fr-FR\",\"potentialAction\":[{\"@type\":\"ReadAction\",\"target\":[\"https:\/\/globalfundforchildren.org\/ways-to-give\/\"]}]},{\"@type\":\"ImageObject\",\"inLanguage\":\"fr-FR\",\"@id\":\"https:\/\/globalfundforchildren.org\/ways-to-give\/#primaryimage\",\"url\":\"https:\/\/globalfundforchildren.org\/wp-content\/uploads\/2024\/09\/2-boys-smile-up-at-cameraJabuka_photo-Petar-Markovic-86-scaled.jpg\",\"contentUrl\":\"https:\/\/globalfundforchildren.org\/wp-content\/uploads\/2024\/09\/2-boys-smile-up-at-cameraJabuka_photo-Petar-Markovic-86-scaled.jpg\",\"width\":2560,\"height\":1707},{\"@type\":\"BreadcrumbList\",\"@id\":\"https:\/\/globalfundforchildren.org\/ways-to-give\/#breadcrumb\",\"itemListElement\":[{\"@type\":\"ListItem\",\"position\":1,\"name\":\"Home\",\"item\":\"https:\/\/globalfundforchildren.org\/\"},{\"@type\":\"ListItem\",\"position\":2,\"name\":\"Ways to give\"}]},{\"@type\":\"WebSite\",\"@id\":\"https:\/\/globalfundforchildren.org\/#website\",\"url\":\"https:\/\/globalfundforchildren.org\/\",\"name\":\"Global Fund for Children\",\"description\":\"\",\"publisher\":{\"@id\":\"https:\/\/globalfundforchildren.org\/#organization\"},\"potentialAction\":[{\"@type\":\"SearchAction\",\"target\":{\"@type\":\"EntryPoint\",\"urlTemplate\":\"https:\/\/globalfundforchildren.org\/?s={search_term_string}\"},\"query-input\":{\"@type\":\"PropertyValueSpecification\",\"valueRequired\":true,\"valueName\":\"search_term_string\"}}],\"inLanguage\":\"fr-FR\"},{\"@type\":\"Organization\",\"@id\":\"https:\/\/globalfundforchildren.org\/#organization\",\"name\":\"Global Fund for Children\",\"url\":\"https:\/\/globalfundforchildren.org\/\",\"logo\":{\"@type\":\"ImageObject\",\"inLanguage\":\"fr-FR\",\"@id\":\"https:\/\/globalfundforchildren.org\/#\/schema\/logo\/image\/\",\"url\":\"https:\/\/globalfundforchildren.org\/wp-content\/uploads\/2024\/10\/gfc-logo.png\",\"contentUrl\":\"https:\/\/globalfundforchildren.org\/wp-content\/uploads\/2024\/10\/gfc-logo.png\",\"width\":696,\"height\":696,\"caption\":\"Global Fund for Children\"},\"image\":{\"@id\":\"https:\/\/globalfundforchildren.org\/#\/schema\/logo\/image\/\"},\"sameAs\":[\"https:\/\/www.facebook.com\/GlobalFundforChildren\",\"https:\/\/x.com\/Global4Children\"]}]}<\/script>\n<!-- \/ Yoast SEO plugin. -->","yoast_head_json":{"title":"Fa\u00e7ons de donner - Fonds mondial pour l&#039;enfance","description":"D\u00e9couvrez comment faire un don au Fonds mondial pour l&#039;enfance et nous aider \u00e0 b\u00e2tir un avenir meilleur pour les enfants du monde entier. Nous acceptons les dons en ligne, en cryptomonnaie, par ch\u00e8que envoy\u00e9 \u00e0 nos bureaux et par d&#039;autres moyens.","robots":{"index":"index","follow":"follow","max-snippet":"max-snippet:-1","max-image-preview":"max-image-preview:large","max-video-preview":"max-video-preview:-1"},"canonical":"https:\/\/globalfundforchildren.org\/fr\/ways-to-give\/","og_locale":"fr_FR","og_type":"article","og_title":"Ways to give - Global Fund for Children","og_description":"Explore ways to give to Global Fund for Children and help us build a better future for children worldwide. We accept donations online, in cryptocurrency, by check mailed to our office, and various other methods.","og_url":"https:\/\/globalfundforchildren.org\/fr\/ways-to-give\/","og_site_name":"Global Fund for Children","article_publisher":"https:\/\/www.facebook.com\/GlobalFundforChildren","article_modified_time":"2026-05-08T12:12:11+00:00","og_image":[{"width":2560,"height":1707,"url":"https:\/\/globalfundforchildren.org\/wp-content\/uploads\/2024\/09\/2-boys-smile-up-at-cameraJabuka_photo-Petar-Markovic-86-scaled.jpg","type":"image\/jpeg"}],"twitter_card":"summary_large_image","twitter_site":"@Global4Children","schema":{"@context":"https:\/\/schema.org","@graph":[{"@type":"WebPage","@id":"https:\/\/globalfundforchildren.org\/ways-to-give\/","url":"https:\/\/globalfundforchildren.org\/ways-to-give\/","name":"Fa\u00e7ons de donner - Fonds mondial pour l&#039;enfance","isPartOf":{"@id":"https:\/\/globalfundforchildren.org\/#website"},"primaryImageOfPage":{"@id":"https:\/\/globalfundforchildren.org\/ways-to-give\/#primaryimage"},"image":{"@id":"https:\/\/globalfundforchildren.org\/ways-to-give\/#primaryimage"},"thumbnailUrl":"https:\/\/globalfundforchildren.org\/wp-content\/uploads\/2024\/09\/2-boys-smile-up-at-cameraJabuka_photo-Petar-Markovic-86-scaled.jpg","datePublished":"2024-09-06T00:16:09+00:00","dateModified":"2026-05-08T12:12:11+00:00","description":"D\u00e9couvrez comment faire un don au Fonds mondial pour l&#039;enfance et nous aider \u00e0 b\u00e2tir un avenir meilleur pour les enfants du monde entier. Nous acceptons les dons en ligne, en cryptomonnaie, par ch\u00e8que envoy\u00e9 \u00e0 nos bureaux et par d&#039;autres moyens.","breadcrumb":{"@id":"https:\/\/globalfundforchildren.org\/ways-to-give\/#breadcrumb"},"inLanguage":"fr-FR","potentialAction":[{"@type":"ReadAction","target":["https:\/\/globalfundforchildren.org\/ways-to-give\/"]}]},{"@type":"ImageObject","inLanguage":"fr-FR","@id":"https:\/\/globalfundforchildren.org\/ways-to-give\/#primaryimage","url":"https:\/\/globalfundforchildren.org\/wp-content\/uploads\/2024\/09\/2-boys-smile-up-at-cameraJabuka_photo-Petar-Markovic-86-scaled.jpg","contentUrl":"https:\/\/globalfundforchildren.org\/wp-content\/uploads\/2024\/09\/2-boys-smile-up-at-cameraJabuka_photo-Petar-Markovic-86-scaled.jpg","width":2560,"height":1707},{"@type":"BreadcrumbList","@id":"https:\/\/globalfundforchildren.org\/ways-to-give\/#breadcrumb","itemListElement":[{"@type":"ListItem","position":1,"name":"Home","item":"https:\/\/globalfundforchildren.org\/"},{"@type":"ListItem","position":2,"name":"Ways to give"}]},{"@type":"WebSite","@id":"https:\/\/globalfundforchildren.org\/#website","url":"https:\/\/globalfundforchildren.org\/","name":"Fonds mondial pour l&#039;enfance","description":"","publisher":{"@id":"https:\/\/globalfundforchildren.org\/#organization"},"potentialAction":[{"@type":"SearchAction","target":{"@type":"EntryPoint","urlTemplate":"https:\/\/globalfundforchildren.org\/?s={search_term_string}"},"query-input":{"@type":"PropertyValueSpecification","valueRequired":true,"valueName":"search_term_string"}}],"inLanguage":"fr-FR"},{"@type":"Organization","@id":"https:\/\/globalfundforchildren.org\/#organization","name":"Fonds mondial pour l&#039;enfance","url":"https:\/\/globalfundforchildren.org\/","logo":{"@type":"ImageObject","inLanguage":"fr-FR","@id":"https:\/\/globalfundforchildren.org\/#\/schema\/logo\/image\/","url":"https:\/\/globalfundforchildren.org\/wp-content\/uploads\/2024\/10\/gfc-logo.png","contentUrl":"https:\/\/globalfundforchildren.org\/wp-content\/uploads\/2024\/10\/gfc-logo.png","width":696,"height":696,"caption":"Global Fund for Children"},"image":{"@id":"https:\/\/globalfundforchildren.org\/#\/schema\/logo\/image\/"},"sameAs":["https:\/\/www.facebook.com\/GlobalFundforChildren","https:\/\/x.com\/Global4Children"]}]}},"_links":{"self":[{"href":"https:\/\/globalfundforchildren.org\/fr\/wp-json\/wp\/v2\/pages\/91","targetHints":{"allow":["GET"]}}],"collection":[{"href":"https:\/\/globalfundforchildren.org\/fr\/wp-json\/wp\/v2\/pages"}],"about":[{"href":"https:\/\/globalfundforchildren.org\/fr\/wp-json\/wp\/v2\/types\/page"}],"author":[{"embeddable":true,"href":"https:\/\/globalfundforchildren.org\/fr\/wp-json\/wp\/v2\/users\/2"}],"replies":[{"embeddable":true,"href":"https:\/\/globalfundforchildren.org\/fr\/wp-json\/wp\/v2\/comments?post=91"}],"version-history":[{"count":0,"href":"https:\/\/globalfundforchildren.org\/fr\/wp-json\/wp\/v2\/pages\/91\/revisions"}],"wp:featuredmedia":[{"embeddable":true,"href":"https:\/\/globalfundforchildren.org\/fr\/wp-json\/wp\/v2\/media\/6854"}],"wp:attachment":[{"href":"https:\/\/globalfundforchildren.org\/fr\/wp-json\/wp\/v2\/media?parent=91"}],"curies":[{"name":"wp","href":"https:\/\/api.w.org\/{rel}","templated":true}]}}