{"id":8967,"date":"2025-03-26T11:50:05","date_gmt":"2025-03-26T11:50:05","guid":{"rendered":"https:\/\/globalfundforchildren.org\/?page_id=8967"},"modified":"2026-04-01T10:27:02","modified_gmt":"2026-04-01T10:27:02","slug":"boys-beyond-bias","status":"publish","type":"page","link":"https:\/\/globalfundforchildren.org\/fr\/boys-beyond-bias\/","title":{"rendered":"Les gar\u00e7ons au-del\u00e0 des pr\u00e9jug\u00e9s"},"content":{"rendered":"","protected":false},"excerpt":{"rendered":"","protected":false},"author":6,"featured_media":8724,"parent":0,"menu_order":0,"comment_status":"closed","ping_status":"closed","template":"","meta":{"_acf_changed":false},"class_list":["post-8967","page","type-page","status-publish","hentry"],"acf":[],"yoast_head":"<!-- This site is optimized with the Yoast SEO plugin v26.9 - https:\/\/yoast.com\/product\/yoast-seo-wordpress\/ -->\n<title>Boys Beyond Bias - Global Fund for Children<\/title>\n<meta name=\"robots\" content=\"index, follow, max-snippet:-1, max-image-preview:large, max-video-preview:-1\" \/>\n<link rel=\"canonical\" href=\"https:\/\/globalfundforchildren.org\/fr\/boys-beyond-bias\/\" \/>\n<meta property=\"og:locale\" content=\"fr_FR\" \/>\n<meta property=\"og:type\" content=\"article\" \/>\n<meta property=\"og:title\" content=\"Boys Beyond Bias - Global Fund for Children\" \/>\n<meta property=\"og:url\" content=\"https:\/\/globalfundforchildren.org\/fr\/boys-beyond-bias\/\" \/>\n<meta property=\"og:site_name\" content=\"Global Fund for Children\" \/>\n<meta property=\"article:publisher\" content=\"https:\/\/www.facebook.com\/GlobalFundforChildren\" \/>\n<meta property=\"article:modified_time\" content=\"2026-04-01T10:27:02+00:00\" \/>\n<meta property=\"og:image\" content=\"https:\/\/globalfundforchildren.org\/wp-content\/uploads\/2024\/09\/Boys-campaign-1_600x600.gif\" \/>\n\t<meta property=\"og:image:width\" content=\"600\" \/>\n\t<meta property=\"og:image:height\" content=\"600\" \/>\n\t<meta property=\"og:image:type\" content=\"image\/gif\" \/>\n<meta name=\"twitter:card\" content=\"summary_large_image\" \/>\n<meta name=\"twitter:site\" content=\"@Global4Children\" \/>\n<script type=\"application\/ld+json\" class=\"yoast-schema-graph\">{\"@context\":\"https:\/\/schema.org\",\"@graph\":[{\"@type\":\"WebPage\",\"@id\":\"https:\/\/globalfundforchildren.org\/boys-beyond-bias\/\",\"url\":\"https:\/\/globalfundforchildren.org\/boys-beyond-bias\/\",\"name\":\"Boys Beyond Bias - Global Fund for Children\",\"isPartOf\":{\"@id\":\"https:\/\/globalfundforchildren.org\/#website\"},\"primaryImageOfPage\":{\"@id\":\"https:\/\/globalfundforchildren.org\/boys-beyond-bias\/#primaryimage\"},\"image\":{\"@id\":\"https:\/\/globalfundforchildren.org\/boys-beyond-bias\/#primaryimage\"},\"thumbnailUrl\":\"https:\/\/globalfundforchildren.org\/wp-content\/uploads\/2024\/09\/Boys-campaign-1_600x600.gif\",\"datePublished\":\"2025-03-26T11:50:05+00:00\",\"dateModified\":\"2026-04-01T10:27:02+00:00\",\"breadcrumb\":{\"@id\":\"https:\/\/globalfundforchildren.org\/boys-beyond-bias\/#breadcrumb\"},\"inLanguage\":\"fr-FR\",\"potentialAction\":[{\"@type\":\"ReadAction\",\"target\":[\"https:\/\/globalfundforchildren.org\/boys-beyond-bias\/\"]}]},{\"@type\":\"ImageObject\",\"inLanguage\":\"fr-FR\",\"@id\":\"https:\/\/globalfundforchildren.org\/boys-beyond-bias\/#primaryimage\",\"url\":\"https:\/\/globalfundforchildren.org\/wp-content\/uploads\/2024\/09\/Boys-campaign-1_600x600.gif\",\"contentUrl\":\"https:\/\/globalfundforchildren.org\/wp-content\/uploads\/2024\/09\/Boys-campaign-1_600x600.gif\",\"width\":600,\"height\":600},{\"@type\":\"BreadcrumbList\",\"@id\":\"https:\/\/globalfundforchildren.org\/boys-beyond-bias\/#breadcrumb\",\"itemListElement\":[{\"@type\":\"ListItem\",\"position\":1,\"name\":\"Home\",\"item\":\"https:\/\/globalfundforchildren.org\/\"},{\"@type\":\"ListItem\",\"position\":2,\"name\":\"Boys Beyond Bias\"}]},{\"@type\":\"WebSite\",\"@id\":\"https:\/\/globalfundforchildren.org\/#website\",\"url\":\"https:\/\/globalfundforchildren.org\/\",\"name\":\"Global Fund for Children\",\"description\":\"\",\"publisher\":{\"@id\":\"https:\/\/globalfundforchildren.org\/#organization\"},\"potentialAction\":[{\"@type\":\"SearchAction\",\"target\":{\"@type\":\"EntryPoint\",\"urlTemplate\":\"https:\/\/globalfundforchildren.org\/?s={search_term_string}\"},\"query-input\":{\"@type\":\"PropertyValueSpecification\",\"valueRequired\":true,\"valueName\":\"search_term_string\"}}],\"inLanguage\":\"fr-FR\"},{\"@type\":\"Organization\",\"@id\":\"https:\/\/globalfundforchildren.org\/#organization\",\"name\":\"Global Fund for Children\",\"url\":\"https:\/\/globalfundforchildren.org\/\",\"logo\":{\"@type\":\"ImageObject\",\"inLanguage\":\"fr-FR\",\"@id\":\"https:\/\/globalfundforchildren.org\/#\/schema\/logo\/image\/\",\"url\":\"https:\/\/globalfundforchildren.org\/wp-content\/uploads\/2024\/10\/gfc-logo.png\",\"contentUrl\":\"https:\/\/globalfundforchildren.org\/wp-content\/uploads\/2024\/10\/gfc-logo.png\",\"width\":696,\"height\":696,\"caption\":\"Global Fund for Children\"},\"image\":{\"@id\":\"https:\/\/globalfundforchildren.org\/#\/schema\/logo\/image\/\"},\"sameAs\":[\"https:\/\/www.facebook.com\/GlobalFundforChildren\",\"https:\/\/x.com\/Global4Children\"]}]}<\/script>\n<!-- \/ Yoast SEO plugin. -->","yoast_head_json":{"title":"Les gar\u00e7ons au-del\u00e0 des pr\u00e9jug\u00e9s \u2013 Fonds mondial pour l&#039;enfance","robots":{"index":"index","follow":"follow","max-snippet":"max-snippet:-1","max-image-preview":"max-image-preview:large","max-video-preview":"max-video-preview:-1"},"canonical":"https:\/\/globalfundforchildren.org\/fr\/boys-beyond-bias\/","og_locale":"fr_FR","og_type":"article","og_title":"Boys Beyond Bias - Global Fund for Children","og_url":"https:\/\/globalfundforchildren.org\/fr\/boys-beyond-bias\/","og_site_name":"Global Fund for Children","article_publisher":"https:\/\/www.facebook.com\/GlobalFundforChildren","article_modified_time":"2026-04-01T10:27:02+00:00","og_image":[{"width":600,"height":600,"url":"https:\/\/globalfundforchildren.org\/wp-content\/uploads\/2024\/09\/Boys-campaign-1_600x600.gif","type":"image\/gif"}],"twitter_card":"summary_large_image","twitter_site":"@Global4Children","schema":{"@context":"https:\/\/schema.org","@graph":[{"@type":"WebPage","@id":"https:\/\/globalfundforchildren.org\/boys-beyond-bias\/","url":"https:\/\/globalfundforchildren.org\/boys-beyond-bias\/","name":"Les gar\u00e7ons au-del\u00e0 des pr\u00e9jug\u00e9s \u2013 Fonds mondial pour l&#039;enfance","isPartOf":{"@id":"https:\/\/globalfundforchildren.org\/#website"},"primaryImageOfPage":{"@id":"https:\/\/globalfundforchildren.org\/boys-beyond-bias\/#primaryimage"},"image":{"@id":"https:\/\/globalfundforchildren.org\/boys-beyond-bias\/#primaryimage"},"thumbnailUrl":"https:\/\/globalfundforchildren.org\/wp-content\/uploads\/2024\/09\/Boys-campaign-1_600x600.gif","datePublished":"2025-03-26T11:50:05+00:00","dateModified":"2026-04-01T10:27:02+00:00","breadcrumb":{"@id":"https:\/\/globalfundforchildren.org\/boys-beyond-bias\/#breadcrumb"},"inLanguage":"fr-FR","potentialAction":[{"@type":"ReadAction","target":["https:\/\/globalfundforchildren.org\/boys-beyond-bias\/"]}]},{"@type":"ImageObject","inLanguage":"fr-FR","@id":"https:\/\/globalfundforchildren.org\/boys-beyond-bias\/#primaryimage","url":"https:\/\/globalfundforchildren.org\/wp-content\/uploads\/2024\/09\/Boys-campaign-1_600x600.gif","contentUrl":"https:\/\/globalfundforchildren.org\/wp-content\/uploads\/2024\/09\/Boys-campaign-1_600x600.gif","width":600,"height":600},{"@type":"BreadcrumbList","@id":"https:\/\/globalfundforchildren.org\/boys-beyond-bias\/#breadcrumb","itemListElement":[{"@type":"ListItem","position":1,"name":"Home","item":"https:\/\/globalfundforchildren.org\/"},{"@type":"ListItem","position":2,"name":"Boys Beyond Bias"}]},{"@type":"WebSite","@id":"https:\/\/globalfundforchildren.org\/#website","url":"https:\/\/globalfundforchildren.org\/","name":"Fonds mondial pour l&#039;enfance","description":"","publisher":{"@id":"https:\/\/globalfundforchildren.org\/#organization"},"potentialAction":[{"@type":"SearchAction","target":{"@type":"EntryPoint","urlTemplate":"https:\/\/globalfundforchildren.org\/?s={search_term_string}"},"query-input":{"@type":"PropertyValueSpecification","valueRequired":true,"valueName":"search_term_string"}}],"inLanguage":"fr-FR"},{"@type":"Organization","@id":"https:\/\/globalfundforchildren.org\/#organization","name":"Fonds mondial pour l&#039;enfance","url":"https:\/\/globalfundforchildren.org\/","logo":{"@type":"ImageObject","inLanguage":"fr-FR","@id":"https:\/\/globalfundforchildren.org\/#\/schema\/logo\/image\/","url":"https:\/\/globalfundforchildren.org\/wp-content\/uploads\/2024\/10\/gfc-logo.png","contentUrl":"https:\/\/globalfundforchildren.org\/wp-content\/uploads\/2024\/10\/gfc-logo.png","width":696,"height":696,"caption":"Global Fund for Children"},"image":{"@id":"https:\/\/globalfundforchildren.org\/#\/schema\/logo\/image\/"},"sameAs":["https:\/\/www.facebook.com\/GlobalFundforChildren","https:\/\/x.com\/Global4Children"]}]}},"_links":{"self":[{"href":"https:\/\/globalfundforchildren.org\/fr\/wp-json\/wp\/v2\/pages\/8967","targetHints":{"allow":["GET"]}}],"collection":[{"href":"https:\/\/globalfundforchildren.org\/fr\/wp-json\/wp\/v2\/pages"}],"about":[{"href":"https:\/\/globalfundforchildren.org\/fr\/wp-json\/wp\/v2\/types\/page"}],"author":[{"embeddable":true,"href":"https:\/\/globalfundforchildren.org\/fr\/wp-json\/wp\/v2\/users\/6"}],"replies":[{"embeddable":true,"href":"https:\/\/globalfundforchildren.org\/fr\/wp-json\/wp\/v2\/comments?post=8967"}],"version-history":[{"count":0,"href":"https:\/\/globalfundforchildren.org\/fr\/wp-json\/wp\/v2\/pages\/8967\/revisions"}],"wp:featuredmedia":[{"embeddable":true,"href":"https:\/\/globalfundforchildren.org\/fr\/wp-json\/wp\/v2\/media\/8724"}],"wp:attachment":[{"href":"https:\/\/globalfundforchildren.org\/fr\/wp-json\/wp\/v2\/media?parent=8967"}],"curies":[{"name":"wp","href":"https:\/\/api.w.org\/{rel}","templated":true}]}}