{"id":19809,"date":"2026-02-27T15:23:46","date_gmt":"2026-02-27T15:23:46","guid":{"rendered":"https:\/\/globalfundforchildren.org\/?page_id=19809"},"modified":"2026-04-07T17:04:55","modified_gmt":"2026-04-07T17:04:55","slug":"2024-2025-annual-report","status":"publish","type":"page","link":"https:\/\/globalfundforchildren.org\/fr\/2024-2025-annual-report\/","title":{"rendered":"Rapport annuel 2024\/2025"},"content":{"rendered":"","protected":false},"excerpt":{"rendered":"","protected":false},"author":2,"featured_media":0,"parent":0,"menu_order":0,"comment_status":"closed","ping_status":"closed","template":"template-annual-report-2025.php","meta":{"_acf_changed":false},"class_list":["post-19809","page","type-page","status-publish","hentry"],"acf":[],"yoast_head":"<!-- This site is optimized with the Yoast SEO plugin v26.9 - https:\/\/yoast.com\/product\/yoast-seo-wordpress\/ -->\n<title>2024\/2025 Annual Report - Global Fund for Children<\/title>\n<meta name=\"description\" content=\"Global Fund for Children&#039;s 2024\u20132025 Impact Report explores the impact of GFC\u2019s funding support in communities around the world. Inside, you\u2019ll find stories of resilience, community leadership, and locally driven solutions that are creating a better future for all children and young people.\" \/>\n<meta name=\"robots\" content=\"index, follow, max-snippet:-1, max-image-preview:large, max-video-preview:-1\" \/>\n<link rel=\"canonical\" href=\"https:\/\/globalfundforchildren.org\/fr\/2024-2025-annual-report\/\" \/>\n<meta property=\"og:locale\" content=\"fr_FR\" \/>\n<meta property=\"og:type\" content=\"article\" \/>\n<meta property=\"og:title\" content=\"Read Global Fund for Children&#039;s 2024\u20132025 Impact Report\" \/>\n<meta property=\"og:description\" content=\"Global Fund for Children&#039;s 2024\u20132025 Impact Report explores the impact of GFC\u2019s funding support in communities around the world. Inside, you\u2019ll find stories of resilience, community leadership, and locally driven solutions that are creating a better future for all children and young people.\" \/>\n<meta property=\"og:url\" content=\"https:\/\/globalfundforchildren.org\/fr\/2024-2025-annual-report\/\" \/>\n<meta property=\"og:site_name\" content=\"Global Fund for Children\" \/>\n<meta property=\"article:publisher\" content=\"https:\/\/www.facebook.com\/GlobalFundforChildren\" \/>\n<meta property=\"article:modified_time\" content=\"2026-04-07T17:04:55+00:00\" \/>\n<meta property=\"og:image\" content=\"https:\/\/globalfundforchildren.org\/wp-content\/uploads\/2026\/03\/2024-25-Impact-Report-Cover.png\" \/>\n\t<meta property=\"og:image:width\" content=\"1920\" \/>\n\t<meta property=\"og:image:height\" content=\"1080\" \/>\n\t<meta property=\"og:image:type\" content=\"image\/png\" \/>\n<meta name=\"twitter:card\" content=\"summary_large_image\" \/>\n<meta name=\"twitter:site\" content=\"@Global4Children\" \/>\n<script type=\"application\/ld+json\" class=\"yoast-schema-graph\">{\"@context\":\"https:\/\/schema.org\",\"@graph\":[{\"@type\":\"WebPage\",\"@id\":\"https:\/\/globalfundforchildren.org\/2024-2025-annual-report\/\",\"url\":\"https:\/\/globalfundforchildren.org\/2024-2025-annual-report\/\",\"name\":\"2024\/2025 Annual Report - Global Fund for Children\",\"isPartOf\":{\"@id\":\"https:\/\/globalfundforchildren.org\/#website\"},\"datePublished\":\"2026-02-27T15:23:46+00:00\",\"dateModified\":\"2026-04-07T17:04:55+00:00\",\"description\":\"Global Fund for Children's 2024\u20132025 Impact Report explores the impact of GFC\u2019s funding support in communities around the world. Inside, you\u2019ll find stories of resilience, community leadership, and locally driven solutions that are creating a better future for all children and young people.\",\"breadcrumb\":{\"@id\":\"https:\/\/globalfundforchildren.org\/2024-2025-annual-report\/#breadcrumb\"},\"inLanguage\":\"fr-FR\",\"potentialAction\":[{\"@type\":\"ReadAction\",\"target\":[\"https:\/\/globalfundforchildren.org\/2024-2025-annual-report\/\"]}]},{\"@type\":\"BreadcrumbList\",\"@id\":\"https:\/\/globalfundforchildren.org\/2024-2025-annual-report\/#breadcrumb\",\"itemListElement\":[{\"@type\":\"ListItem\",\"position\":1,\"name\":\"Home\",\"item\":\"https:\/\/globalfundforchildren.org\/\"},{\"@type\":\"ListItem\",\"position\":2,\"name\":\"2024\/2025 Annual Report\"}]},{\"@type\":\"WebSite\",\"@id\":\"https:\/\/globalfundforchildren.org\/#website\",\"url\":\"https:\/\/globalfundforchildren.org\/\",\"name\":\"Global Fund for Children\",\"description\":\"\",\"publisher\":{\"@id\":\"https:\/\/globalfundforchildren.org\/#organization\"},\"potentialAction\":[{\"@type\":\"SearchAction\",\"target\":{\"@type\":\"EntryPoint\",\"urlTemplate\":\"https:\/\/globalfundforchildren.org\/?s={search_term_string}\"},\"query-input\":{\"@type\":\"PropertyValueSpecification\",\"valueRequired\":true,\"valueName\":\"search_term_string\"}}],\"inLanguage\":\"fr-FR\"},{\"@type\":\"Organization\",\"@id\":\"https:\/\/globalfundforchildren.org\/#organization\",\"name\":\"Global Fund for Children\",\"url\":\"https:\/\/globalfundforchildren.org\/\",\"logo\":{\"@type\":\"ImageObject\",\"inLanguage\":\"fr-FR\",\"@id\":\"https:\/\/globalfundforchildren.org\/#\/schema\/logo\/image\/\",\"url\":\"https:\/\/globalfundforchildren.org\/wp-content\/uploads\/2024\/10\/gfc-logo.png\",\"contentUrl\":\"https:\/\/globalfundforchildren.org\/wp-content\/uploads\/2024\/10\/gfc-logo.png\",\"width\":696,\"height\":696,\"caption\":\"Global Fund for Children\"},\"image\":{\"@id\":\"https:\/\/globalfundforchildren.org\/#\/schema\/logo\/image\/\"},\"sameAs\":[\"https:\/\/www.facebook.com\/GlobalFundforChildren\",\"https:\/\/x.com\/Global4Children\"]}]}<\/script>\n<!-- \/ Yoast SEO plugin. -->","yoast_head_json":{"title":"Rapport annuel 2024\/2025 - Fonds mondial pour les enfants","description":"Le rapport d&#039;impact 2024-2025 du Fonds mondial pour l&#039;enfance (GFC) analyse les cons\u00e9quences de son soutien financier dans les communaut\u00e9s du monde entier. Vous y d\u00e9couvrirez des t\u00e9moignages de r\u00e9silience, de leadership communautaire et de solutions locales qui contribuent \u00e0 b\u00e2tir un avenir meilleur pour tous les enfants et les jeunes.","robots":{"index":"index","follow":"follow","max-snippet":"max-snippet:-1","max-image-preview":"max-image-preview:large","max-video-preview":"max-video-preview:-1"},"canonical":"https:\/\/globalfundforchildren.org\/fr\/2024-2025-annual-report\/","og_locale":"fr_FR","og_type":"article","og_title":"Read Global Fund for Children's 2024\u20132025 Impact Report","og_description":"Global Fund for Children's 2024\u20132025 Impact Report explores the impact of GFC\u2019s funding support in communities around the world. Inside, you\u2019ll find stories of resilience, community leadership, and locally driven solutions that are creating a better future for all children and young people.","og_url":"https:\/\/globalfundforchildren.org\/fr\/2024-2025-annual-report\/","og_site_name":"Global Fund for Children","article_publisher":"https:\/\/www.facebook.com\/GlobalFundforChildren","article_modified_time":"2026-04-07T17:04:55+00:00","og_image":[{"width":1920,"height":1080,"url":"https:\/\/globalfundforchildren.org\/wp-content\/uploads\/2026\/03\/2024-25-Impact-Report-Cover.png","type":"image\/png"}],"twitter_card":"summary_large_image","twitter_site":"@Global4Children","schema":{"@context":"https:\/\/schema.org","@graph":[{"@type":"WebPage","@id":"https:\/\/globalfundforchildren.org\/2024-2025-annual-report\/","url":"https:\/\/globalfundforchildren.org\/2024-2025-annual-report\/","name":"Rapport annuel 2024\/2025 - Fonds mondial pour les enfants","isPartOf":{"@id":"https:\/\/globalfundforchildren.org\/#website"},"datePublished":"2026-02-27T15:23:46+00:00","dateModified":"2026-04-07T17:04:55+00:00","description":"Le rapport d&#039;impact 2024-2025 du Fonds mondial pour l&#039;enfance (GFC) analyse les cons\u00e9quences de son soutien financier dans les communaut\u00e9s du monde entier. Vous y d\u00e9couvrirez des t\u00e9moignages de r\u00e9silience, de leadership communautaire et de solutions locales qui contribuent \u00e0 b\u00e2tir un avenir meilleur pour tous les enfants et les jeunes.","breadcrumb":{"@id":"https:\/\/globalfundforchildren.org\/2024-2025-annual-report\/#breadcrumb"},"inLanguage":"fr-FR","potentialAction":[{"@type":"ReadAction","target":["https:\/\/globalfundforchildren.org\/2024-2025-annual-report\/"]}]},{"@type":"BreadcrumbList","@id":"https:\/\/globalfundforchildren.org\/2024-2025-annual-report\/#breadcrumb","itemListElement":[{"@type":"ListItem","position":1,"name":"Home","item":"https:\/\/globalfundforchildren.org\/"},{"@type":"ListItem","position":2,"name":"2024\/2025 Annual Report"}]},{"@type":"WebSite","@id":"https:\/\/globalfundforchildren.org\/#website","url":"https:\/\/globalfundforchildren.org\/","name":"Fonds mondial pour l&#039;enfance","description":"","publisher":{"@id":"https:\/\/globalfundforchildren.org\/#organization"},"potentialAction":[{"@type":"SearchAction","target":{"@type":"EntryPoint","urlTemplate":"https:\/\/globalfundforchildren.org\/?s={search_term_string}"},"query-input":{"@type":"PropertyValueSpecification","valueRequired":true,"valueName":"search_term_string"}}],"inLanguage":"fr-FR"},{"@type":"Organization","@id":"https:\/\/globalfundforchildren.org\/#organization","name":"Fonds mondial pour l&#039;enfance","url":"https:\/\/globalfundforchildren.org\/","logo":{"@type":"ImageObject","inLanguage":"fr-FR","@id":"https:\/\/globalfundforchildren.org\/#\/schema\/logo\/image\/","url":"https:\/\/globalfundforchildren.org\/wp-content\/uploads\/2024\/10\/gfc-logo.png","contentUrl":"https:\/\/globalfundforchildren.org\/wp-content\/uploads\/2024\/10\/gfc-logo.png","width":696,"height":696,"caption":"Global Fund for Children"},"image":{"@id":"https:\/\/globalfundforchildren.org\/#\/schema\/logo\/image\/"},"sameAs":["https:\/\/www.facebook.com\/GlobalFundforChildren","https:\/\/x.com\/Global4Children"]}]}},"_links":{"self":[{"href":"https:\/\/globalfundforchildren.org\/fr\/wp-json\/wp\/v2\/pages\/19809","targetHints":{"allow":["GET"]}}],"collection":[{"href":"https:\/\/globalfundforchildren.org\/fr\/wp-json\/wp\/v2\/pages"}],"about":[{"href":"https:\/\/globalfundforchildren.org\/fr\/wp-json\/wp\/v2\/types\/page"}],"author":[{"embeddable":true,"href":"https:\/\/globalfundforchildren.org\/fr\/wp-json\/wp\/v2\/users\/2"}],"replies":[{"embeddable":true,"href":"https:\/\/globalfundforchildren.org\/fr\/wp-json\/wp\/v2\/comments?post=19809"}],"version-history":[{"count":0,"href":"https:\/\/globalfundforchildren.org\/fr\/wp-json\/wp\/v2\/pages\/19809\/revisions"}],"wp:attachment":[{"href":"https:\/\/globalfundforchildren.org\/fr\/wp-json\/wp\/v2\/media?parent=19809"}],"curies":[{"name":"wp","href":"https:\/\/api.w.org\/{rel}","templated":true}]}}