{"id":8934,"date":"2025-03-14T14:44:29","date_gmt":"2025-03-14T14:44:29","guid":{"rendered":"https:\/\/globalfundforchildren.org\/?page_id=8934"},"modified":"2025-07-09T15:19:10","modified_gmt":"2025-07-09T15:19:10","slug":"global-fund-for-children-books","status":"publish","type":"page","link":"https:\/\/globalfundforchildren.org\/es\/global-fund-for-children-books\/","title":{"rendered":"Fondo Mundial para Libros Infantiles"},"content":{"rendered":"","protected":false},"excerpt":{"rendered":"","protected":false},"author":6,"featured_media":8947,"parent":0,"menu_order":0,"comment_status":"closed","ping_status":"closed","template":"","meta":{"_acf_changed":false},"class_list":["post-8934","page","type-page","status-publish","hentry"],"acf":[],"yoast_head":"<!-- This site is optimized with the Yoast SEO plugin v26.9 - https:\/\/yoast.com\/product\/yoast-seo-wordpress\/ -->\n<title>Global Fund for Children Books - Global Fund for Children<\/title>\n<meta name=\"description\" content=\"Global Fund for Children Books has produced more than 30 award-winning titles for children from birth to age 12. Each book has been beautifully curated to expose children to different cultures and communities.\" \/>\n<meta name=\"robots\" content=\"index, follow, max-snippet:-1, max-image-preview:large, max-video-preview:-1\" \/>\n<link rel=\"canonical\" href=\"https:\/\/globalfundforchildren.org\/es\/global-fund-for-children-books\/\" \/>\n<meta property=\"og:locale\" content=\"es_MX\" \/>\n<meta property=\"og:type\" content=\"article\" \/>\n<meta property=\"og:title\" content=\"Global Fund for Children Books\" \/>\n<meta property=\"og:description\" content=\"Global Fund for Children Books has produced more than 30 award-winning titles for children from birth to age 12. Each book has been beautifully curated to expose children to diverse cultures around the world and in their own communities.\" \/>\n<meta property=\"og:url\" content=\"https:\/\/globalfundforchildren.org\/es\/global-fund-for-children-books\/\" \/>\n<meta property=\"og:site_name\" content=\"Global Fund for Children\" \/>\n<meta property=\"article:publisher\" content=\"https:\/\/www.facebook.com\/GlobalFundforChildren\" \/>\n<meta property=\"article:modified_time\" content=\"2025-07-09T15:19:10+00:00\" \/>\n<meta property=\"og:image\" content=\"https:\/\/globalfundforchildren.org\/wp-content\/uploads\/2025\/03\/maya-books-425x425-1.jpg\" \/>\n\t<meta property=\"og:image:width\" content=\"425\" \/>\n\t<meta property=\"og:image:height\" content=\"425\" \/>\n\t<meta property=\"og:image:type\" content=\"image\/jpeg\" \/>\n<meta name=\"twitter:card\" content=\"summary_large_image\" \/>\n<meta name=\"twitter:site\" content=\"@Global4Children\" \/>\n<script type=\"application\/ld+json\" class=\"yoast-schema-graph\">{\"@context\":\"https:\/\/schema.org\",\"@graph\":[{\"@type\":\"WebPage\",\"@id\":\"https:\/\/globalfundforchildren.org\/global-fund-for-children-books\/\",\"url\":\"https:\/\/globalfundforchildren.org\/global-fund-for-children-books\/\",\"name\":\"Global Fund for Children Books - Global Fund for Children\",\"isPartOf\":{\"@id\":\"https:\/\/globalfundforchildren.org\/#website\"},\"primaryImageOfPage\":{\"@id\":\"https:\/\/globalfundforchildren.org\/global-fund-for-children-books\/#primaryimage\"},\"image\":{\"@id\":\"https:\/\/globalfundforchildren.org\/global-fund-for-children-books\/#primaryimage\"},\"thumbnailUrl\":\"https:\/\/globalfundforchildren.org\/wp-content\/uploads\/2025\/03\/maya-books-425x425-1.jpg\",\"datePublished\":\"2025-03-14T14:44:29+00:00\",\"dateModified\":\"2025-07-09T15:19:10+00:00\",\"description\":\"Global Fund for Children Books has produced more than 30 award-winning titles for children from birth to age 12. Each book has been beautifully curated to expose children to different cultures and communities.\",\"breadcrumb\":{\"@id\":\"https:\/\/globalfundforchildren.org\/global-fund-for-children-books\/#breadcrumb\"},\"inLanguage\":\"es\",\"potentialAction\":[{\"@type\":\"ReadAction\",\"target\":[\"https:\/\/globalfundforchildren.org\/global-fund-for-children-books\/\"]}]},{\"@type\":\"ImageObject\",\"inLanguage\":\"es\",\"@id\":\"https:\/\/globalfundforchildren.org\/global-fund-for-children-books\/#primaryimage\",\"url\":\"https:\/\/globalfundforchildren.org\/wp-content\/uploads\/2025\/03\/maya-books-425x425-1.jpg\",\"contentUrl\":\"https:\/\/globalfundforchildren.org\/wp-content\/uploads\/2025\/03\/maya-books-425x425-1.jpg\",\"width\":425,\"height\":425},{\"@type\":\"BreadcrumbList\",\"@id\":\"https:\/\/globalfundforchildren.org\/global-fund-for-children-books\/#breadcrumb\",\"itemListElement\":[{\"@type\":\"ListItem\",\"position\":1,\"name\":\"Home\",\"item\":\"https:\/\/globalfundforchildren.org\/\"},{\"@type\":\"ListItem\",\"position\":2,\"name\":\"Global Fund for Children Books\"}]},{\"@type\":\"WebSite\",\"@id\":\"https:\/\/globalfundforchildren.org\/#website\",\"url\":\"https:\/\/globalfundforchildren.org\/\",\"name\":\"Global Fund for Children\",\"description\":\"\",\"publisher\":{\"@id\":\"https:\/\/globalfundforchildren.org\/#organization\"},\"potentialAction\":[{\"@type\":\"SearchAction\",\"target\":{\"@type\":\"EntryPoint\",\"urlTemplate\":\"https:\/\/globalfundforchildren.org\/?s={search_term_string}\"},\"query-input\":{\"@type\":\"PropertyValueSpecification\",\"valueRequired\":true,\"valueName\":\"search_term_string\"}}],\"inLanguage\":\"es\"},{\"@type\":\"Organization\",\"@id\":\"https:\/\/globalfundforchildren.org\/#organization\",\"name\":\"Global Fund for Children\",\"url\":\"https:\/\/globalfundforchildren.org\/\",\"logo\":{\"@type\":\"ImageObject\",\"inLanguage\":\"es\",\"@id\":\"https:\/\/globalfundforchildren.org\/#\/schema\/logo\/image\/\",\"url\":\"https:\/\/globalfundforchildren.org\/wp-content\/uploads\/2024\/10\/gfc-logo.png\",\"contentUrl\":\"https:\/\/globalfundforchildren.org\/wp-content\/uploads\/2024\/10\/gfc-logo.png\",\"width\":696,\"height\":696,\"caption\":\"Global Fund for Children\"},\"image\":{\"@id\":\"https:\/\/globalfundforchildren.org\/#\/schema\/logo\/image\/\"},\"sameAs\":[\"https:\/\/www.facebook.com\/GlobalFundforChildren\",\"https:\/\/x.com\/Global4Children\"]}]}<\/script>\n<!-- \/ Yoast SEO plugin. -->","yoast_head_json":{"title":"Libros del Fondo Mundial para la Infancia - Fondo Mundial para la Infancia","description":"El Fondo Mundial para Libros para Ni\u00f1os ha producido m\u00e1s de 30 t\u00edtulos premiados para ni\u00f1os desde su nacimiento hasta los 12 a\u00f1os. Cada libro ha sido cuidadosamente seleccionado para exponer a los ni\u00f1os a diferentes culturas y comunidades.","robots":{"index":"index","follow":"follow","max-snippet":"max-snippet:-1","max-image-preview":"max-image-preview:large","max-video-preview":"max-video-preview:-1"},"canonical":"https:\/\/globalfundforchildren.org\/es\/global-fund-for-children-books\/","og_locale":"es_MX","og_type":"article","og_title":"Global Fund for Children Books","og_description":"Global Fund for Children Books has produced more than 30 award-winning titles for children from birth to age 12. Each book has been beautifully curated to expose children to diverse cultures around the world and in their own communities.","og_url":"https:\/\/globalfundforchildren.org\/es\/global-fund-for-children-books\/","og_site_name":"Global Fund for Children","article_publisher":"https:\/\/www.facebook.com\/GlobalFundforChildren","article_modified_time":"2025-07-09T15:19:10+00:00","og_image":[{"width":425,"height":425,"url":"https:\/\/globalfundforchildren.org\/wp-content\/uploads\/2025\/03\/maya-books-425x425-1.jpg","type":"image\/jpeg"}],"twitter_card":"summary_large_image","twitter_site":"@Global4Children","schema":{"@context":"https:\/\/schema.org","@graph":[{"@type":"WebPage","@id":"https:\/\/globalfundforchildren.org\/global-fund-for-children-books\/","url":"https:\/\/globalfundforchildren.org\/global-fund-for-children-books\/","name":"Libros del Fondo Mundial para la Infancia - Fondo Mundial para la Infancia","isPartOf":{"@id":"https:\/\/globalfundforchildren.org\/#website"},"primaryImageOfPage":{"@id":"https:\/\/globalfundforchildren.org\/global-fund-for-children-books\/#primaryimage"},"image":{"@id":"https:\/\/globalfundforchildren.org\/global-fund-for-children-books\/#primaryimage"},"thumbnailUrl":"https:\/\/globalfundforchildren.org\/wp-content\/uploads\/2025\/03\/maya-books-425x425-1.jpg","datePublished":"2025-03-14T14:44:29+00:00","dateModified":"2025-07-09T15:19:10+00:00","description":"El Fondo Mundial para Libros para Ni\u00f1os ha producido m\u00e1s de 30 t\u00edtulos premiados para ni\u00f1os desde su nacimiento hasta los 12 a\u00f1os. Cada libro ha sido cuidadosamente seleccionado para exponer a los ni\u00f1os a diferentes culturas y comunidades.","breadcrumb":{"@id":"https:\/\/globalfundforchildren.org\/global-fund-for-children-books\/#breadcrumb"},"inLanguage":"es","potentialAction":[{"@type":"ReadAction","target":["https:\/\/globalfundforchildren.org\/global-fund-for-children-books\/"]}]},{"@type":"ImageObject","inLanguage":"es","@id":"https:\/\/globalfundforchildren.org\/global-fund-for-children-books\/#primaryimage","url":"https:\/\/globalfundforchildren.org\/wp-content\/uploads\/2025\/03\/maya-books-425x425-1.jpg","contentUrl":"https:\/\/globalfundforchildren.org\/wp-content\/uploads\/2025\/03\/maya-books-425x425-1.jpg","width":425,"height":425},{"@type":"BreadcrumbList","@id":"https:\/\/globalfundforchildren.org\/global-fund-for-children-books\/#breadcrumb","itemListElement":[{"@type":"ListItem","position":1,"name":"Home","item":"https:\/\/globalfundforchildren.org\/"},{"@type":"ListItem","position":2,"name":"Global Fund for Children Books"}]},{"@type":"WebSite","@id":"https:\/\/globalfundforchildren.org\/#website","url":"https:\/\/globalfundforchildren.org\/","name":"Fondo Mundial para la Infancia","description":"","publisher":{"@id":"https:\/\/globalfundforchildren.org\/#organization"},"potentialAction":[{"@type":"SearchAction","target":{"@type":"EntryPoint","urlTemplate":"https:\/\/globalfundforchildren.org\/?s={search_term_string}"},"query-input":{"@type":"PropertyValueSpecification","valueRequired":true,"valueName":"search_term_string"}}],"inLanguage":"es"},{"@type":"Organization","@id":"https:\/\/globalfundforchildren.org\/#organization","name":"Fondo Mundial para la Infancia","url":"https:\/\/globalfundforchildren.org\/","logo":{"@type":"ImageObject","inLanguage":"es","@id":"https:\/\/globalfundforchildren.org\/#\/schema\/logo\/image\/","url":"https:\/\/globalfundforchildren.org\/wp-content\/uploads\/2024\/10\/gfc-logo.png","contentUrl":"https:\/\/globalfundforchildren.org\/wp-content\/uploads\/2024\/10\/gfc-logo.png","width":696,"height":696,"caption":"Global Fund for Children"},"image":{"@id":"https:\/\/globalfundforchildren.org\/#\/schema\/logo\/image\/"},"sameAs":["https:\/\/www.facebook.com\/GlobalFundforChildren","https:\/\/x.com\/Global4Children"]}]}},"_links":{"self":[{"href":"https:\/\/globalfundforchildren.org\/es\/wp-json\/wp\/v2\/pages\/8934","targetHints":{"allow":["GET"]}}],"collection":[{"href":"https:\/\/globalfundforchildren.org\/es\/wp-json\/wp\/v2\/pages"}],"about":[{"href":"https:\/\/globalfundforchildren.org\/es\/wp-json\/wp\/v2\/types\/page"}],"author":[{"embeddable":true,"href":"https:\/\/globalfundforchildren.org\/es\/wp-json\/wp\/v2\/users\/6"}],"replies":[{"embeddable":true,"href":"https:\/\/globalfundforchildren.org\/es\/wp-json\/wp\/v2\/comments?post=8934"}],"version-history":[{"count":0,"href":"https:\/\/globalfundforchildren.org\/es\/wp-json\/wp\/v2\/pages\/8934\/revisions"}],"wp:featuredmedia":[{"embeddable":true,"href":"https:\/\/globalfundforchildren.org\/es\/wp-json\/wp\/v2\/media\/8947"}],"wp:attachment":[{"href":"https:\/\/globalfundforchildren.org\/es\/wp-json\/wp\/v2\/media?parent=8934"}],"curies":[{"name":"Gracias","href":"https:\/\/api.w.org\/{rel}","templated":true}]}}