{"id":6841,"date":"2024-09-22T11:12:38","date_gmt":"2024-09-22T11:12:38","guid":{"rendered":"https:\/\/globalfundforchildren.org\/?page_id=6841"},"modified":"2026-02-10T09:05:53","modified_gmt":"2026-02-10T09:05:53","slug":"youth-leadership-council-2","status":"publish","type":"page","link":"https:\/\/globalfundforchildren.org\/es\/youth-leadership-council-2\/","title":{"rendered":"Consejo de liderazgo juvenil"},"content":{"rendered":"","protected":false},"excerpt":{"rendered":"","protected":false},"author":8,"featured_media":8677,"parent":0,"menu_order":0,"comment_status":"closed","ping_status":"closed","template":"","meta":{"_acf_changed":false},"class_list":["post-6841","page","type-page","status-publish","hentry"],"acf":[],"yoast_head":"<!-- This site is optimized with the Yoast SEO plugin v26.9 - https:\/\/yoast.com\/product\/yoast-seo-wordpress\/ -->\n<title>Youth Leadership Council - Global Fund for Children<\/title>\n<meta name=\"description\" content=\"The Youth Leadership Council (YLC) is a dynamic group of young leaders from around the world who guide and influence GFC.\" \/>\n<meta name=\"robots\" content=\"index, follow, max-snippet:-1, max-image-preview:large, max-video-preview:-1\" \/>\n<link rel=\"canonical\" href=\"https:\/\/globalfundforchildren.org\/es\/youth-leadership-council-2\/\" \/>\n<meta property=\"og:locale\" content=\"es_MX\" \/>\n<meta property=\"og:type\" content=\"article\" \/>\n<meta property=\"og:title\" content=\"Youth Leadership Council - Global Fund for Children\" \/>\n<meta property=\"og:description\" content=\"The Youth Leadership Council (YLC) is a dynamic group of young leaders from around the world who guide and influence GFC.\" \/>\n<meta property=\"og:url\" content=\"https:\/\/globalfundforchildren.org\/es\/youth-leadership-council-2\/\" \/>\n<meta property=\"og:site_name\" content=\"Global Fund for Children\" \/>\n<meta property=\"article:publisher\" content=\"https:\/\/www.facebook.com\/GlobalFundforChildren\" \/>\n<meta property=\"article:modified_time\" content=\"2026-02-10T09:05:53+00:00\" \/>\n<meta property=\"og:image\" content=\"https:\/\/globalfundforchildren.org\/wp-content\/uploads\/2024\/12\/Pop-Up-1-1024x1024.png\" \/>\n\t<meta property=\"og:image:width\" content=\"1024\" \/>\n\t<meta property=\"og:image:height\" content=\"1024\" \/>\n\t<meta property=\"og:image:type\" content=\"image\/png\" \/>\n<meta name=\"twitter:card\" content=\"summary_large_image\" \/>\n<meta name=\"twitter:site\" content=\"@Global4Children\" \/>\n<script type=\"application\/ld+json\" class=\"yoast-schema-graph\">{\"@context\":\"https:\/\/schema.org\",\"@graph\":[{\"@type\":\"WebPage\",\"@id\":\"https:\/\/globalfundforchildren.org\/youth-leadership-council-2\/\",\"url\":\"https:\/\/globalfundforchildren.org\/youth-leadership-council-2\/\",\"name\":\"Youth Leadership Council - Global Fund for Children\",\"isPartOf\":{\"@id\":\"https:\/\/globalfundforchildren.org\/#website\"},\"primaryImageOfPage\":{\"@id\":\"https:\/\/globalfundforchildren.org\/youth-leadership-council-2\/#primaryimage\"},\"image\":{\"@id\":\"https:\/\/globalfundforchildren.org\/youth-leadership-council-2\/#primaryimage\"},\"thumbnailUrl\":\"https:\/\/globalfundforchildren.org\/wp-content\/uploads\/2024\/12\/Pop-Up-1.png\",\"datePublished\":\"2024-09-22T11:12:38+00:00\",\"dateModified\":\"2026-02-10T09:05:53+00:00\",\"description\":\"The Youth Leadership Council (YLC) is a dynamic group of young leaders from around the world who guide and influence GFC.\",\"breadcrumb\":{\"@id\":\"https:\/\/globalfundforchildren.org\/youth-leadership-council-2\/#breadcrumb\"},\"inLanguage\":\"es\",\"potentialAction\":[{\"@type\":\"ReadAction\",\"target\":[\"https:\/\/globalfundforchildren.org\/youth-leadership-council-2\/\"]}]},{\"@type\":\"ImageObject\",\"inLanguage\":\"es\",\"@id\":\"https:\/\/globalfundforchildren.org\/youth-leadership-council-2\/#primaryimage\",\"url\":\"https:\/\/globalfundforchildren.org\/wp-content\/uploads\/2024\/12\/Pop-Up-1.png\",\"contentUrl\":\"https:\/\/globalfundforchildren.org\/wp-content\/uploads\/2024\/12\/Pop-Up-1.png\",\"width\":3375,\"height\":3375,\"caption\":\"Young woman speaking into megaphone in Mexico.\"},{\"@type\":\"BreadcrumbList\",\"@id\":\"https:\/\/globalfundforchildren.org\/youth-leadership-council-2\/#breadcrumb\",\"itemListElement\":[{\"@type\":\"ListItem\",\"position\":1,\"name\":\"Home\",\"item\":\"https:\/\/globalfundforchildren.org\/\"},{\"@type\":\"ListItem\",\"position\":2,\"name\":\"Youth Leadership Council\"}]},{\"@type\":\"WebSite\",\"@id\":\"https:\/\/globalfundforchildren.org\/#website\",\"url\":\"https:\/\/globalfundforchildren.org\/\",\"name\":\"Global Fund for Children\",\"description\":\"\",\"publisher\":{\"@id\":\"https:\/\/globalfundforchildren.org\/#organization\"},\"potentialAction\":[{\"@type\":\"SearchAction\",\"target\":{\"@type\":\"EntryPoint\",\"urlTemplate\":\"https:\/\/globalfundforchildren.org\/?s={search_term_string}\"},\"query-input\":{\"@type\":\"PropertyValueSpecification\",\"valueRequired\":true,\"valueName\":\"search_term_string\"}}],\"inLanguage\":\"es\"},{\"@type\":\"Organization\",\"@id\":\"https:\/\/globalfundforchildren.org\/#organization\",\"name\":\"Global Fund for Children\",\"url\":\"https:\/\/globalfundforchildren.org\/\",\"logo\":{\"@type\":\"ImageObject\",\"inLanguage\":\"es\",\"@id\":\"https:\/\/globalfundforchildren.org\/#\/schema\/logo\/image\/\",\"url\":\"https:\/\/globalfundforchildren.org\/wp-content\/uploads\/2024\/10\/gfc-logo.png\",\"contentUrl\":\"https:\/\/globalfundforchildren.org\/wp-content\/uploads\/2024\/10\/gfc-logo.png\",\"width\":696,\"height\":696,\"caption\":\"Global Fund for Children\"},\"image\":{\"@id\":\"https:\/\/globalfundforchildren.org\/#\/schema\/logo\/image\/\"},\"sameAs\":[\"https:\/\/www.facebook.com\/GlobalFundforChildren\",\"https:\/\/x.com\/Global4Children\"]}]}<\/script>\n<!-- \/ Yoast SEO plugin. -->","yoast_head_json":{"title":"Consejo de Liderazgo Juvenil - Fondo Mundial para la Infancia","description":"El Consejo de Liderazgo Juvenil (YLC) es un grupo din\u00e1mico de j\u00f3venes l\u00edderes de todo el mundo que gu\u00edan e influyen en GFC.","robots":{"index":"index","follow":"follow","max-snippet":"max-snippet:-1","max-image-preview":"max-image-preview:large","max-video-preview":"max-video-preview:-1"},"canonical":"https:\/\/globalfundforchildren.org\/es\/youth-leadership-council-2\/","og_locale":"es_MX","og_type":"article","og_title":"Youth Leadership Council - Global Fund for Children","og_description":"The Youth Leadership Council (YLC) is a dynamic group of young leaders from around the world who guide and influence GFC.","og_url":"https:\/\/globalfundforchildren.org\/es\/youth-leadership-council-2\/","og_site_name":"Global Fund for Children","article_publisher":"https:\/\/www.facebook.com\/GlobalFundforChildren","article_modified_time":"2026-02-10T09:05:53+00:00","og_image":[{"width":1024,"height":1024,"url":"https:\/\/globalfundforchildren.org\/wp-content\/uploads\/2024\/12\/Pop-Up-1-1024x1024.png","type":"image\/png"}],"twitter_card":"summary_large_image","twitter_site":"@Global4Children","schema":{"@context":"https:\/\/schema.org","@graph":[{"@type":"WebPage","@id":"https:\/\/globalfundforchildren.org\/youth-leadership-council-2\/","url":"https:\/\/globalfundforchildren.org\/youth-leadership-council-2\/","name":"Consejo de Liderazgo Juvenil - Fondo Mundial para la Infancia","isPartOf":{"@id":"https:\/\/globalfundforchildren.org\/#website"},"primaryImageOfPage":{"@id":"https:\/\/globalfundforchildren.org\/youth-leadership-council-2\/#primaryimage"},"image":{"@id":"https:\/\/globalfundforchildren.org\/youth-leadership-council-2\/#primaryimage"},"thumbnailUrl":"https:\/\/globalfundforchildren.org\/wp-content\/uploads\/2024\/12\/Pop-Up-1.png","datePublished":"2024-09-22T11:12:38+00:00","dateModified":"2026-02-10T09:05:53+00:00","description":"El Consejo de Liderazgo Juvenil (YLC) es un grupo din\u00e1mico de j\u00f3venes l\u00edderes de todo el mundo que gu\u00edan e influyen en GFC.","breadcrumb":{"@id":"https:\/\/globalfundforchildren.org\/youth-leadership-council-2\/#breadcrumb"},"inLanguage":"es","potentialAction":[{"@type":"ReadAction","target":["https:\/\/globalfundforchildren.org\/youth-leadership-council-2\/"]}]},{"@type":"ImageObject","inLanguage":"es","@id":"https:\/\/globalfundforchildren.org\/youth-leadership-council-2\/#primaryimage","url":"https:\/\/globalfundforchildren.org\/wp-content\/uploads\/2024\/12\/Pop-Up-1.png","contentUrl":"https:\/\/globalfundforchildren.org\/wp-content\/uploads\/2024\/12\/Pop-Up-1.png","width":3375,"height":3375,"caption":"Young woman speaking into megaphone in Mexico."},{"@type":"BreadcrumbList","@id":"https:\/\/globalfundforchildren.org\/youth-leadership-council-2\/#breadcrumb","itemListElement":[{"@type":"ListItem","position":1,"name":"Home","item":"https:\/\/globalfundforchildren.org\/"},{"@type":"ListItem","position":2,"name":"Youth Leadership Council"}]},{"@type":"WebSite","@id":"https:\/\/globalfundforchildren.org\/#website","url":"https:\/\/globalfundforchildren.org\/","name":"Fondo Mundial para la Infancia","description":"","publisher":{"@id":"https:\/\/globalfundforchildren.org\/#organization"},"potentialAction":[{"@type":"SearchAction","target":{"@type":"EntryPoint","urlTemplate":"https:\/\/globalfundforchildren.org\/?s={search_term_string}"},"query-input":{"@type":"PropertyValueSpecification","valueRequired":true,"valueName":"search_term_string"}}],"inLanguage":"es"},{"@type":"Organization","@id":"https:\/\/globalfundforchildren.org\/#organization","name":"Fondo Mundial para la Infancia","url":"https:\/\/globalfundforchildren.org\/","logo":{"@type":"ImageObject","inLanguage":"es","@id":"https:\/\/globalfundforchildren.org\/#\/schema\/logo\/image\/","url":"https:\/\/globalfundforchildren.org\/wp-content\/uploads\/2024\/10\/gfc-logo.png","contentUrl":"https:\/\/globalfundforchildren.org\/wp-content\/uploads\/2024\/10\/gfc-logo.png","width":696,"height":696,"caption":"Global Fund for Children"},"image":{"@id":"https:\/\/globalfundforchildren.org\/#\/schema\/logo\/image\/"},"sameAs":["https:\/\/www.facebook.com\/GlobalFundforChildren","https:\/\/x.com\/Global4Children"]}]}},"_links":{"self":[{"href":"https:\/\/globalfundforchildren.org\/es\/wp-json\/wp\/v2\/pages\/6841","targetHints":{"allow":["GET"]}}],"collection":[{"href":"https:\/\/globalfundforchildren.org\/es\/wp-json\/wp\/v2\/pages"}],"about":[{"href":"https:\/\/globalfundforchildren.org\/es\/wp-json\/wp\/v2\/types\/page"}],"author":[{"embeddable":true,"href":"https:\/\/globalfundforchildren.org\/es\/wp-json\/wp\/v2\/users\/8"}],"replies":[{"embeddable":true,"href":"https:\/\/globalfundforchildren.org\/es\/wp-json\/wp\/v2\/comments?post=6841"}],"version-history":[{"count":0,"href":"https:\/\/globalfundforchildren.org\/es\/wp-json\/wp\/v2\/pages\/6841\/revisions"}],"wp:featuredmedia":[{"embeddable":true,"href":"https:\/\/globalfundforchildren.org\/es\/wp-json\/wp\/v2\/media\/8677"}],"wp:attachment":[{"href":"https:\/\/globalfundforchildren.org\/es\/wp-json\/wp\/v2\/media?parent=6841"}],"curies":[{"name":"Gracias","href":"https:\/\/api.w.org\/{rel}","templated":true}]}}