{"id":13653,"date":"2025-08-20T16:07:41","date_gmt":"2025-08-20T16:07:41","guid":{"rendered":"https:\/\/globalfundforchildren.org\/?page_id=13653"},"modified":"2025-08-20T16:07:41","modified_gmt":"2025-08-20T16:07:41","slug":"healthy-masculinities-united-states","status":"publish","type":"page","link":"https:\/\/globalfundforchildren.org\/es\/healthy-masculinities-united-states\/","title":{"rendered":"Masculinidades saludables: Estados Unidos"},"content":{"rendered":"","protected":false},"excerpt":{"rendered":"","protected":false},"author":17,"featured_media":13654,"parent":0,"menu_order":0,"comment_status":"closed","ping_status":"closed","template":"","meta":{"_acf_changed":false},"class_list":["post-13653","page","type-page","status-publish","hentry"],"acf":[],"yoast_head":"<!-- This site is optimized with the Yoast SEO plugin v26.9 - https:\/\/yoast.com\/product\/yoast-seo-wordpress\/ -->\n<title>Healthy masculinities: United States - Global Fund for Children<\/title>\n<meta name=\"description\" content=\"Global Fund for Children works in partnership with the Atlanta-based Imperative Fund to implement our youth-led Spark Fund in the US initially, with plans to expand to the UK and South Africa in 2025. The fund has an intentional focus on promoting the mental health and wellbeing of young Black boys and men. Read more about the initiative.\" \/>\n<meta name=\"robots\" content=\"index, follow, max-snippet:-1, max-image-preview:large, max-video-preview:-1\" \/>\n<link rel=\"canonical\" href=\"https:\/\/globalfundforchildren.org\/es\/healthy-masculinities-united-states\/\" \/>\n<meta property=\"og:locale\" content=\"es_MX\" \/>\n<meta property=\"og:type\" content=\"article\" \/>\n<meta property=\"og:title\" content=\"Healthy masculinities: United States - Global Fund for Children\" \/>\n<meta property=\"og:description\" content=\"Global Fund for Children works in partnership with the Atlanta-based Imperative Fund to implement our youth-led Spark Fund in the US initially, with plans to expand to the UK and South Africa in 2025. The fund has an intentional focus on promoting the mental health and wellbeing of young Black boys and men. Read more about the initiative.\" \/>\n<meta property=\"og:url\" content=\"https:\/\/globalfundforchildren.org\/es\/healthy-masculinities-united-states\/\" \/>\n<meta property=\"og:site_name\" content=\"Global Fund for Children\" \/>\n<meta property=\"article:publisher\" content=\"https:\/\/www.facebook.com\/GlobalFundforChildren\" \/>\n<meta property=\"og:image\" content=\"https:\/\/globalfundforchildren.org\/wp-content\/uploads\/2025\/08\/Imperative-Fund.png\" \/>\n\t<meta property=\"og:image:width\" content=\"898\" \/>\n\t<meta property=\"og:image:height\" content=\"569\" \/>\n\t<meta property=\"og:image:type\" content=\"image\/png\" \/>\n<meta name=\"twitter:card\" content=\"summary_large_image\" \/>\n<meta name=\"twitter:site\" content=\"@Global4Children\" \/>\n<script type=\"application\/ld+json\" class=\"yoast-schema-graph\">{\"@context\":\"https:\/\/schema.org\",\"@graph\":[{\"@type\":\"WebPage\",\"@id\":\"https:\/\/globalfundforchildren.org\/healthy-masculinities-united-states\/\",\"url\":\"https:\/\/globalfundforchildren.org\/healthy-masculinities-united-states\/\",\"name\":\"Healthy masculinities: United States - Global Fund for Children\",\"isPartOf\":{\"@id\":\"https:\/\/globalfundforchildren.org\/#website\"},\"primaryImageOfPage\":{\"@id\":\"https:\/\/globalfundforchildren.org\/healthy-masculinities-united-states\/#primaryimage\"},\"image\":{\"@id\":\"https:\/\/globalfundforchildren.org\/healthy-masculinities-united-states\/#primaryimage\"},\"thumbnailUrl\":\"https:\/\/globalfundforchildren.org\/wp-content\/uploads\/2025\/08\/Imperative-Fund.png\",\"datePublished\":\"2025-08-20T16:07:41+00:00\",\"description\":\"Global Fund for Children works in partnership with the Atlanta-based Imperative Fund to implement our youth-led Spark Fund in the US initially, with plans to expand to the UK and South Africa in 2025. The fund has an intentional focus on promoting the mental health and wellbeing of young Black boys and men. Read more about the initiative.\",\"breadcrumb\":{\"@id\":\"https:\/\/globalfundforchildren.org\/healthy-masculinities-united-states\/#breadcrumb\"},\"inLanguage\":\"es\",\"potentialAction\":[{\"@type\":\"ReadAction\",\"target\":[\"https:\/\/globalfundforchildren.org\/healthy-masculinities-united-states\/\"]}]},{\"@type\":\"ImageObject\",\"inLanguage\":\"es\",\"@id\":\"https:\/\/globalfundforchildren.org\/healthy-masculinities-united-states\/#primaryimage\",\"url\":\"https:\/\/globalfundforchildren.org\/wp-content\/uploads\/2025\/08\/Imperative-Fund.png\",\"contentUrl\":\"https:\/\/globalfundforchildren.org\/wp-content\/uploads\/2025\/08\/Imperative-Fund.png\",\"width\":898,\"height\":569},{\"@type\":\"BreadcrumbList\",\"@id\":\"https:\/\/globalfundforchildren.org\/healthy-masculinities-united-states\/#breadcrumb\",\"itemListElement\":[{\"@type\":\"ListItem\",\"position\":1,\"name\":\"Home\",\"item\":\"https:\/\/globalfundforchildren.org\/\"},{\"@type\":\"ListItem\",\"position\":2,\"name\":\"Healthy masculinities: United States\"}]},{\"@type\":\"WebSite\",\"@id\":\"https:\/\/globalfundforchildren.org\/#website\",\"url\":\"https:\/\/globalfundforchildren.org\/\",\"name\":\"Global Fund for Children\",\"description\":\"\",\"publisher\":{\"@id\":\"https:\/\/globalfundforchildren.org\/#organization\"},\"potentialAction\":[{\"@type\":\"SearchAction\",\"target\":{\"@type\":\"EntryPoint\",\"urlTemplate\":\"https:\/\/globalfundforchildren.org\/?s={search_term_string}\"},\"query-input\":{\"@type\":\"PropertyValueSpecification\",\"valueRequired\":true,\"valueName\":\"search_term_string\"}}],\"inLanguage\":\"es\"},{\"@type\":\"Organization\",\"@id\":\"https:\/\/globalfundforchildren.org\/#organization\",\"name\":\"Global Fund for Children\",\"url\":\"https:\/\/globalfundforchildren.org\/\",\"logo\":{\"@type\":\"ImageObject\",\"inLanguage\":\"es\",\"@id\":\"https:\/\/globalfundforchildren.org\/#\/schema\/logo\/image\/\",\"url\":\"https:\/\/globalfundforchildren.org\/wp-content\/uploads\/2024\/10\/gfc-logo.png\",\"contentUrl\":\"https:\/\/globalfundforchildren.org\/wp-content\/uploads\/2024\/10\/gfc-logo.png\",\"width\":696,\"height\":696,\"caption\":\"Global Fund for Children\"},\"image\":{\"@id\":\"https:\/\/globalfundforchildren.org\/#\/schema\/logo\/image\/\"},\"sameAs\":[\"https:\/\/www.facebook.com\/GlobalFundforChildren\",\"https:\/\/x.com\/Global4Children\"]}]}<\/script>\n<!-- \/ Yoast SEO plugin. -->","yoast_head_json":{"title":"Masculinidades saludables: Estados Unidos - Fondo Mundial para la Infancia","description":"Global Fund for Children colabora con Imperative Fund, con sede en Atlanta, para implementar inicialmente nuestro Fondo Spark, liderado por j\u00f3venes, en Estados Unidos, con planes de expansi\u00f3n al Reino Unido y Sud\u00e1frica en 2025. El fondo se centra espec\u00edficamente en promover la salud mental y el bienestar de los j\u00f3venes negros. Lea m\u00e1s sobre la iniciativa.","robots":{"index":"index","follow":"follow","max-snippet":"max-snippet:-1","max-image-preview":"max-image-preview:large","max-video-preview":"max-video-preview:-1"},"canonical":"https:\/\/globalfundforchildren.org\/es\/healthy-masculinities-united-states\/","og_locale":"es_MX","og_type":"article","og_title":"Healthy masculinities: United States - Global Fund for Children","og_description":"Global Fund for Children works in partnership with the Atlanta-based Imperative Fund to implement our youth-led Spark Fund in the US initially, with plans to expand to the UK and South Africa in 2025. The fund has an intentional focus on promoting the mental health and wellbeing of young Black boys and men. Read more about the initiative.","og_url":"https:\/\/globalfundforchildren.org\/es\/healthy-masculinities-united-states\/","og_site_name":"Global Fund for Children","article_publisher":"https:\/\/www.facebook.com\/GlobalFundforChildren","og_image":[{"width":898,"height":569,"url":"https:\/\/globalfundforchildren.org\/wp-content\/uploads\/2025\/08\/Imperative-Fund.png","type":"image\/png"}],"twitter_card":"summary_large_image","twitter_site":"@Global4Children","schema":{"@context":"https:\/\/schema.org","@graph":[{"@type":"WebPage","@id":"https:\/\/globalfundforchildren.org\/healthy-masculinities-united-states\/","url":"https:\/\/globalfundforchildren.org\/healthy-masculinities-united-states\/","name":"Masculinidades saludables: Estados Unidos - Fondo Mundial para la Infancia","isPartOf":{"@id":"https:\/\/globalfundforchildren.org\/#website"},"primaryImageOfPage":{"@id":"https:\/\/globalfundforchildren.org\/healthy-masculinities-united-states\/#primaryimage"},"image":{"@id":"https:\/\/globalfundforchildren.org\/healthy-masculinities-united-states\/#primaryimage"},"thumbnailUrl":"https:\/\/globalfundforchildren.org\/wp-content\/uploads\/2025\/08\/Imperative-Fund.png","datePublished":"2025-08-20T16:07:41+00:00","description":"Global Fund for Children colabora con Imperative Fund, con sede en Atlanta, para implementar inicialmente nuestro Fondo Spark, liderado por j\u00f3venes, en Estados Unidos, con planes de expansi\u00f3n al Reino Unido y Sud\u00e1frica en 2025. El fondo se centra espec\u00edficamente en promover la salud mental y el bienestar de los j\u00f3venes negros. Lea m\u00e1s sobre la iniciativa.","breadcrumb":{"@id":"https:\/\/globalfundforchildren.org\/healthy-masculinities-united-states\/#breadcrumb"},"inLanguage":"es","potentialAction":[{"@type":"ReadAction","target":["https:\/\/globalfundforchildren.org\/healthy-masculinities-united-states\/"]}]},{"@type":"ImageObject","inLanguage":"es","@id":"https:\/\/globalfundforchildren.org\/healthy-masculinities-united-states\/#primaryimage","url":"https:\/\/globalfundforchildren.org\/wp-content\/uploads\/2025\/08\/Imperative-Fund.png","contentUrl":"https:\/\/globalfundforchildren.org\/wp-content\/uploads\/2025\/08\/Imperative-Fund.png","width":898,"height":569},{"@type":"BreadcrumbList","@id":"https:\/\/globalfundforchildren.org\/healthy-masculinities-united-states\/#breadcrumb","itemListElement":[{"@type":"ListItem","position":1,"name":"Home","item":"https:\/\/globalfundforchildren.org\/"},{"@type":"ListItem","position":2,"name":"Healthy masculinities: United States"}]},{"@type":"WebSite","@id":"https:\/\/globalfundforchildren.org\/#website","url":"https:\/\/globalfundforchildren.org\/","name":"Fondo Mundial para la Infancia","description":"","publisher":{"@id":"https:\/\/globalfundforchildren.org\/#organization"},"potentialAction":[{"@type":"SearchAction","target":{"@type":"EntryPoint","urlTemplate":"https:\/\/globalfundforchildren.org\/?s={search_term_string}"},"query-input":{"@type":"PropertyValueSpecification","valueRequired":true,"valueName":"search_term_string"}}],"inLanguage":"es"},{"@type":"Organization","@id":"https:\/\/globalfundforchildren.org\/#organization","name":"Fondo Mundial para la Infancia","url":"https:\/\/globalfundforchildren.org\/","logo":{"@type":"ImageObject","inLanguage":"es","@id":"https:\/\/globalfundforchildren.org\/#\/schema\/logo\/image\/","url":"https:\/\/globalfundforchildren.org\/wp-content\/uploads\/2024\/10\/gfc-logo.png","contentUrl":"https:\/\/globalfundforchildren.org\/wp-content\/uploads\/2024\/10\/gfc-logo.png","width":696,"height":696,"caption":"Global Fund for Children"},"image":{"@id":"https:\/\/globalfundforchildren.org\/#\/schema\/logo\/image\/"},"sameAs":["https:\/\/www.facebook.com\/GlobalFundforChildren","https:\/\/x.com\/Global4Children"]}]}},"_links":{"self":[{"href":"https:\/\/globalfundforchildren.org\/es\/wp-json\/wp\/v2\/pages\/13653","targetHints":{"allow":["GET"]}}],"collection":[{"href":"https:\/\/globalfundforchildren.org\/es\/wp-json\/wp\/v2\/pages"}],"about":[{"href":"https:\/\/globalfundforchildren.org\/es\/wp-json\/wp\/v2\/types\/page"}],"author":[{"embeddable":true,"href":"https:\/\/globalfundforchildren.org\/es\/wp-json\/wp\/v2\/users\/17"}],"replies":[{"embeddable":true,"href":"https:\/\/globalfundforchildren.org\/es\/wp-json\/wp\/v2\/comments?post=13653"}],"version-history":[{"count":0,"href":"https:\/\/globalfundforchildren.org\/es\/wp-json\/wp\/v2\/pages\/13653\/revisions"}],"wp:featuredmedia":[{"embeddable":true,"href":"https:\/\/globalfundforchildren.org\/es\/wp-json\/wp\/v2\/media\/13654"}],"wp:attachment":[{"href":"https:\/\/globalfundforchildren.org\/es\/wp-json\/wp\/v2\/media?parent=13653"}],"curies":[{"name":"Gracias","href":"https:\/\/api.w.org\/{rel}","templated":true}]}}